{"id":1187,"date":"2017-03-16T08:08:46","date_gmt":"2017-03-16T07:08:46","guid":{"rendered":"https:\/\/www.va-genossenschaft.ch\/?page_id=1187"},"modified":"2022-12-13T09:24:53","modified_gmt":"2022-12-13T08:24:53","slug":"unsere_partner","status":"publish","type":"page","link":"https:\/\/www.va-genossenschaft.ch\/de\/ueber-uns\/unsere_partner\/","title":{"rendered":"Unsere Partner"},"content":{"rendered":"<table class=\"partnertable\" style=\"height: 896px;\" width=\"560\">\n<tbody>\n<tr>\n<td class=\"img\">\u00a0<a href=\"http:\/\/www.chirosuisse.ch\" target=\"_blank\" rel=\"noopener\"><img decoding=\"async\" width=\"300\" height=\"120\" class=\"alignnone size-medium wp-image-1247\" src=\"https:\/\/www.va-genossenschaft.ch\/wp-content\/uploads\/2017\/03\/LOGO_CHIRO_solo_cmyk-300x120.jpg\" alt=\"LOGO_CHIRO_solo_cmyk\" srcset=\"https:\/\/www.va-genossenschaft.ch\/wp-content\/uploads\/2017\/03\/LOGO_CHIRO_solo_cmyk-300x120.jpg 300w, https:\/\/www.va-genossenschaft.ch\/wp-content\/uploads\/2017\/03\/LOGO_CHIRO_solo_cmyk-1024x410.jpg 1024w, https:\/\/www.va-genossenschaft.ch\/wp-content\/uploads\/2017\/03\/LOGO_CHIRO_solo_cmyk-31x12.jpg 31w, https:\/\/www.va-genossenschaft.ch\/wp-content\/uploads\/2017\/03\/LOGO_CHIRO_solo_cmyk.jpg 2000w\" sizes=\"(max-width: 300px) 100vw, 300px\" \/><\/a><\/td>\n<td class=\"text\"><a href=\"http:\/\/www.chirosuisse.ch\" target=\"_blank\" rel=\"noopener\">ChiroSuisse<\/a><\/td>\n<\/tr>\n<tr>\n<td class=\"img\"><a href=\"http:\/\/www.fmh.ch\" target=\"_blank\" rel=\"noopener\"><img fetchpriority=\"high\" decoding=\"async\" width=\"300\" height=\"241\" class=\"alignnone size-medium wp-image-1221\" src=\"https:\/\/www.va-genossenschaft.ch\/wp-content\/uploads\/2017\/03\/fmh-300x241.gif\" alt=\"fmh\" srcset=\"https:\/\/www.va-genossenschaft.ch\/wp-content\/uploads\/2017\/03\/fmh-300x241.gif 300w, https:\/\/www.va-genossenschaft.ch\/wp-content\/uploads\/2017\/03\/fmh-31x25.gif 31w\" sizes=\"(max-width: 300px) 100vw, 300px\" \/><\/a><\/td>\n<td class=\"text\" style=\"text-align: left;\"><a href=\"http:\/\/www.fmh.ch\" target=\"_blank\" rel=\"noopener\">FMH Swiss Medical Association<\/a><\/td>\n<\/tr>\n<tr>\n<td class=\"img\"><a href=\"http:\/\/www.saekk.ch\" target=\"_blank\" rel=\"noopener\"><img decoding=\"async\" width=\"240\" height=\"140\" class=\"alignnone size-full wp-image-1220\" src=\"https:\/\/www.va-genossenschaft.ch\/wp-content\/uploads\/2017\/03\/saekk.png\" alt=\"saekk\" srcset=\"https:\/\/www.va-genossenschaft.ch\/wp-content\/uploads\/2017\/03\/saekk.png 240w, https:\/\/www.va-genossenschaft.ch\/wp-content\/uploads\/2017\/03\/saekk-31x18.png 31w\" sizes=\"(max-width: 240px) 100vw, 240px\" \/><\/a><\/td>\n<td class=\"text\"><a href=\"http:\/\/www.saekk.ch\" target=\"_blank\" rel=\"noopener\">Genossenschaft Schweizerische \u00c4rzte-Krankenkasse<\/a><\/td>\n<\/tr>\n<tr>\n<td class=\"img\"><a href=\"http:\/\/www.gstsvs.ch\/\" target=\"_blank\" rel=\"noopener\"><img decoding=\"async\" class=\"alignnone wp-image-1057 size-full\" src=\"https:\/\/www.va-genossenschaft.ch\/wp-content\/uploads\/2017\/03\/gstsvs.png\" alt=\"swica\" \/><\/a><\/td>\n<td class=\"text\"><a href=\"http:\/\/www.gstsvs.ch\" target=\"_blank\" rel=\"noopener\">Gesellschaft Schweizer Tier\u00e4rztinnen und Tier\u00e4rzte<\/a><\/td>\n<\/tr>\n<tr>\n<td class=\"img\">\u00a0<a href=\"http:\/\/www.medisuisse.ch\" target=\"_blank\" rel=\"noopener\"><img loading=\"lazy\" decoding=\"async\" width=\"250\" height=\"37\" class=\"alignnone size-full wp-image-1215\" src=\"https:\/\/www.va-genossenschaft.ch\/wp-content\/uploads\/2017\/03\/medisuisse.jpg\" alt=\"medisuisse\" srcset=\"https:\/\/www.va-genossenschaft.ch\/wp-content\/uploads\/2017\/03\/medisuisse.jpg 250w, https:\/\/www.va-genossenschaft.ch\/wp-content\/uploads\/2017\/03\/medisuisse-31x5.jpg 31w\" sizes=\"(max-width: 250px) 100vw, 250px\" \/><\/a><\/td>\n<td class=\"text\">\u00a0<a href=\"http:\/\/www.medisuisse.ch\" target=\"_blank\" rel=\"noopener\">medisuisse<\/a><\/td>\n<\/tr>\n<tr>\n<td class=\"img\"><a href=\"http:\/\/www.pat-bvg.ch\" target=\"_blank\" rel=\"noopener\"><img loading=\"lazy\" decoding=\"async\" width=\"300\" height=\"34\" class=\"alignnone size-medium wp-image-1210\" src=\"https:\/\/www.va-genossenschaft.ch\/wp-content\/uploads\/2017\/03\/patbvg-300x34.jpg\" alt=\"patbvg\" srcset=\"https:\/\/www.va-genossenschaft.ch\/wp-content\/uploads\/2017\/03\/patbvg-300x34.jpg 300w, https:\/\/www.va-genossenschaft.ch\/wp-content\/uploads\/2017\/03\/patbvg-31x4.jpg 31w, https:\/\/www.va-genossenschaft.ch\/wp-content\/uploads\/2017\/03\/patbvg.jpg 600w\" sizes=\"(max-width: 300px) 100vw, 300px\" \/><\/a><a href=\"http:\/\/www.saekk.ch\" target=\"_blank\" rel=\"noopener\"><br \/>\n<\/a><\/td>\n<td class=\"text\">\u00a0<a href=\"http:\/\/www.pat-bvg.ch\" target=\"_blank\" rel=\"noopener\">PAT BVG<\/a><\/td>\n<\/tr>\n<tr>\n<td class=\"img\">\u00a0<a href=\"http:\/\/www.sso.ch\" target=\"_blank\" rel=\"noopener\"><img loading=\"lazy\" decoding=\"async\" width=\"300\" height=\"45\" class=\"alignnone wp-image-1932 size-medium\" src=\"https:\/\/www.va-genossenschaft.ch\/wp-content\/uploads\/2022\/12\/SSO_Logo_horizontal_RGB_300ppi-300x45.png\" alt=\"\" srcset=\"https:\/\/www.va-genossenschaft.ch\/wp-content\/uploads\/2022\/12\/SSO_Logo_horizontal_RGB_300ppi-300x45.png 300w, https:\/\/www.va-genossenschaft.ch\/wp-content\/uploads\/2022\/12\/SSO_Logo_horizontal_RGB_300ppi-1024x155.png 1024w, https:\/\/www.va-genossenschaft.ch\/wp-content\/uploads\/2022\/12\/SSO_Logo_horizontal_RGB_300ppi-768x116.png 768w, https:\/\/www.va-genossenschaft.ch\/wp-content\/uploads\/2022\/12\/SSO_Logo_horizontal_RGB_300ppi-1536x232.png 1536w, https:\/\/www.va-genossenschaft.ch\/wp-content\/uploads\/2022\/12\/SSO_Logo_horizontal_RGB_300ppi-2048x310.png 2048w, https:\/\/www.va-genossenschaft.ch\/wp-content\/uploads\/2022\/12\/SSO_Logo_horizontal_RGB_300ppi-31x5.png 31w\" sizes=\"(max-width: 300px) 100vw, 300px\" \/><\/a><\/td>\n<td class=\"text\"><a href=\"http:\/\/www.sso.ch\" target=\"_blank\" rel=\"noopener\">Schweizerische Zahn\u00e4rzte-Gesellschaft<\/a><\/td>\n<\/tr>\n<tr>\n<td class=\"img\">\u00a0<a href=\"http:\/\/www.swimsa.ch\" target=\"_blank\" rel=\"noopener\"><img loading=\"lazy\" decoding=\"async\" width=\"300\" height=\"76\" class=\"alignnone size-medium wp-image-1222\" src=\"https:\/\/www.va-genossenschaft.ch\/wp-content\/uploads\/2017\/03\/swimsa-300x76.png\" alt=\"swimsa\" srcset=\"https:\/\/www.va-genossenschaft.ch\/wp-content\/uploads\/2017\/03\/swimsa-300x76.png 300w, https:\/\/www.va-genossenschaft.ch\/wp-content\/uploads\/2017\/03\/swimsa-1024x259.png 1024w, https:\/\/www.va-genossenschaft.ch\/wp-content\/uploads\/2017\/03\/swimsa-31x8.png 31w, https:\/\/www.va-genossenschaft.ch\/wp-content\/uploads\/2017\/03\/swimsa.png 1880w\" sizes=\"(max-width: 300px) 100vw, 300px\" \/><\/a><\/td>\n<td class=\"text\"><a href=\"http:\/\/www.swimsa.ch\" target=\"_blank\" rel=\"noopener\">\u00a0swimsa<\/a><\/td>\n<\/tr>\n<\/tbody>\n<\/table>\n<p>&nbsp;<\/p>\n","protected":false},"excerpt":{"rendered":"<p>\u00a0 ChiroSuisse FMH Swiss Medical Association Genossenschaft Schweizerische \u00c4rzte-Krankenkasse Gesellschaft Schweizer Tier\u00e4rztinnen und Tier\u00e4rzte \u00a0 \u00a0medisuisse \u00a0PAT BVG \u00a0 Schweizerische Zahn\u00e4rzte-Gesellschaft \u00a0 \u00a0swimsa &nbsp;<\/p>\n","protected":false},"author":1,"featured_media":0,"parent":91,"menu_order":0,"comment_status":"closed","ping_status":"open","template":"","meta":{"footnotes":""},"class_list":["post-1187","page","type-page","status-publish","hentry"],"_links":{"self":[{"href":"https:\/\/www.va-genossenschaft.ch\/de\/wp-json\/wp\/v2\/pages\/1187","targetHints":{"allow":["GET"]}}],"collection":[{"href":"https:\/\/www.va-genossenschaft.ch\/de\/wp-json\/wp\/v2\/pages"}],"about":[{"href":"https:\/\/www.va-genossenschaft.ch\/de\/wp-json\/wp\/v2\/types\/page"}],"author":[{"embeddable":true,"href":"https:\/\/www.va-genossenschaft.ch\/de\/wp-json\/wp\/v2\/users\/1"}],"replies":[{"embeddable":true,"href":"https:\/\/www.va-genossenschaft.ch\/de\/wp-json\/wp\/v2\/comments?post=1187"}],"version-history":[{"count":27,"href":"https:\/\/www.va-genossenschaft.ch\/de\/wp-json\/wp\/v2\/pages\/1187\/revisions"}],"predecessor-version":[{"id":1931,"href":"https:\/\/www.va-genossenschaft.ch\/de\/wp-json\/wp\/v2\/pages\/1187\/revisions\/1931"}],"up":[{"embeddable":true,"href":"https:\/\/www.va-genossenschaft.ch\/de\/wp-json\/wp\/v2\/pages\/91"}],"wp:attachment":[{"href":"https:\/\/www.va-genossenschaft.ch\/de\/wp-json\/wp\/v2\/media?parent=1187"}],"curies":[{"name":"wp","href":"https:\/\/api.w.org\/{rel}","templated":true}]}}