{"id":122,"date":"2015-03-17T09:15:09","date_gmt":"2015-03-17T08:15:09","guid":{"rendered":"https:\/\/www.va-genossenschaft.ch\/?page_id=122"},"modified":"2015-03-17T09:43:37","modified_gmt":"2015-03-17T08:43:37","slug":"kontakt","status":"publish","type":"page","link":"https:\/\/www.va-genossenschaft.ch\/de\/ueber-uns\/kontakt\/","title":{"rendered":"Kontakt"},"content":{"rendered":"<p>Sie legen Wert auf eine neutrale und individuelle Beratung?<\/p>\n<p>Die Versicherung der Schweizer \u00c4rzte ist auf die besonderen Bed\u00fcrfnisse und W\u00fcnsche der \u00c4rzteschaft ausgerichtet und bietet ein Optimum an Versicherungsschutz zu vorteilhaften Bedingungen.<\/p>\n<p>Wir sind jederzeit gerne f\u00fcr Sie da.<\/p>\n","protected":false},"excerpt":{"rendered":"<p>Sie legen Wert auf eine neutrale und individuelle Beratung? Die Versicherung der Schweizer \u00c4rzte ist auf die besonderen Bed\u00fcrfnisse und W\u00fcnsche der \u00c4rzteschaft ausgerichtet und bietet ein Optimum an Versicherungsschutz zu vorteilhaften Bedingungen. Wir sind jederzeit gerne f\u00fcr Sie da.<\/p>\n","protected":false},"author":1,"featured_media":0,"parent":91,"menu_order":0,"comment_status":"open","ping_status":"open","template":"page-kontakt.php","meta":{"footnotes":""},"class_list":["post-122","page","type-page","status-publish","hentry"],"_links":{"self":[{"href":"https:\/\/www.va-genossenschaft.ch\/de\/wp-json\/wp\/v2\/pages\/122","targetHints":{"allow":["GET"]}}],"collection":[{"href":"https:\/\/www.va-genossenschaft.ch\/de\/wp-json\/wp\/v2\/pages"}],"about":[{"href":"https:\/\/www.va-genossenschaft.ch\/de\/wp-json\/wp\/v2\/types\/page"}],"author":[{"embeddable":true,"href":"https:\/\/www.va-genossenschaft.ch\/de\/wp-json\/wp\/v2\/users\/1"}],"replies":[{"embeddable":true,"href":"https:\/\/www.va-genossenschaft.ch\/de\/wp-json\/wp\/v2\/comments?post=122"}],"version-history":[{"count":1,"href":"https:\/\/www.va-genossenschaft.ch\/de\/wp-json\/wp\/v2\/pages\/122\/revisions"}],"predecessor-version":[{"id":123,"href":"https:\/\/www.va-genossenschaft.ch\/de\/wp-json\/wp\/v2\/pages\/122\/revisions\/123"}],"up":[{"embeddable":true,"href":"https:\/\/www.va-genossenschaft.ch\/de\/wp-json\/wp\/v2\/pages\/91"}],"wp:attachment":[{"href":"https:\/\/www.va-genossenschaft.ch\/de\/wp-json\/wp\/v2\/media?parent=122"}],"curies":[{"name":"wp","href":"https:\/\/api.w.org\/{rel}","templated":true}]}}