{"id":1327,"date":"2017-10-24T09:54:35","date_gmt":"2017-10-24T07:54:35","guid":{"rendered":"https:\/\/www.va-genossenschaft.ch\/?page_id=1327\/"},"modified":"2017-10-24T09:54:35","modified_gmt":"2017-10-24T07:54:35","slug":"va-nachwuchsfoerderung","status":"publish","type":"page","link":"https:\/\/www.va-genossenschaft.ch\/de\/va-nachwuchsfoerderung\/","title":{"rendered":"VA Nachwuchsf\u00f6rderung"},"content":{"rendered":"\n<div class=\"wpcf7 no-js\" id=\"wpcf7-f1326-o1\" lang=\"de-DE\" dir=\"ltr\" data-wpcf7-id=\"1326\">\n<div class=\"screen-reader-response\"><p role=\"status\" aria-live=\"polite\" aria-atomic=\"true\"><\/p> <ul><\/ul><\/div>\n<form action=\"\/de\/wp-json\/wp\/v2\/pages\/1327#wpcf7-f1326-o1\" method=\"post\" class=\"wpcf7-form init\" aria-label=\"Kontaktformular\" novalidate=\"novalidate\" data-status=\"init\">\n<fieldset class=\"hidden-fields-container\"><input type=\"hidden\" name=\"_wpcf7\" value=\"1326\" \/><input type=\"hidden\" name=\"_wpcf7_version\" value=\"6.1.5\" \/><input type=\"hidden\" name=\"_wpcf7_locale\" value=\"de_DE\" \/><input type=\"hidden\" name=\"_wpcf7_unit_tag\" value=\"wpcf7-f1326-o1\" \/><input type=\"hidden\" name=\"_wpcf7_container_post\" value=\"0\" \/><input type=\"hidden\" name=\"_wpcf7_posted_data_hash\" value=\"\" \/><input type=\"hidden\" name=\"_wpcf7_recaptcha_response\" value=\"\" \/>\n<\/fieldset>\n<p><span class=\"form-oneline paddingSide\">Anrede*: <span class=\"wpcf7-form-control-wrap\" data-name=\"anrede\"><span class=\"wpcf7-form-control wpcf7-radio\" id=\"anrede\"><span class=\"wpcf7-list-item first\"><input type=\"radio\" name=\"anrede\" value=\"Frau\" \/><span class=\"wpcf7-list-item-label\">Frau<\/span><\/span><span class=\"wpcf7-list-item last\"><input type=\"radio\" name=\"anrede\" value=\"Herr\" \/><span class=\"wpcf7-list-item-label\">Herr<\/span><\/span><\/span><\/span><\/span><span class=\"wpcf7-form-control-wrap\" data-name=\"akaTitel\"><select class=\"wpcf7-form-control wpcf7-select wpcf7-validates-as-required\" id=\"akaTitel\" aria-required=\"true\" aria-invalid=\"false\" name=\"akaTitel\"><option value=\"Titel*\">Titel*<\/option><option value=\"kein Akademischer Titel\">kein Akademischer Titel<\/option><option value=\"Dr.\">Dr.<\/option><option value=\"Dr. med.\">Dr. med.<\/option><option value=\"Dr. med. dent.\">Dr. med. dent.<\/option><option value=\"Dr. med. vet.\">Dr. med. vet.<\/option><option value=\"PD Dr.\">PD Dr.<\/option><option value=\"PD Dr. med.\">PD Dr. med.<\/option><option value=\"PD Dr. med. dent.\">PD Dr. med. dent.<\/option><option value=\"PD Dr. med. vet.\">PD Dr. med. vet.<\/option><option value=\"Prof. Dr.\">Prof. Dr.<\/option><option value=\"Prof. Dr. med.\">Prof. Dr. med.<\/option><option value=\"Prof. Dr. med. dent.\">Prof. Dr. med. dent.<\/option><option value=\"Prof. Dr. med. vet.\">Prof. Dr. med. vet.<\/option><\/select><\/span><span class=\"wpcf7-form-control-wrap\" data-name=\"vorname\"><input size=\"40\" maxlength=\"400\" class=\"wpcf7-form-control wpcf7-text wpcf7-validates-as-required\" id=\"vorname\" aria-required=\"true\" aria-invalid=\"false\" placeholder=\"Vorname*\" value=\"\" type=\"text\" name=\"vorname\" \/><\/span><span class=\"wpcf7-form-control-wrap\" data-name=\"nachname\"><input size=\"40\" maxlength=\"400\" class=\"wpcf7-form-control wpcf7-text wpcf7-validates-as-required\" id=\"nachname\" aria-required=\"true\" aria-invalid=\"false\" placeholder=\"Name*\" value=\"\" type=\"text\" name=\"nachname\" \/><\/span><span class=\"wpcf7-form-control-wrap\" data-name=\"strasse\"><input size=\"40\" maxlength=\"400\" class=\"wpcf7-form-control wpcf7-text wpcf7-validates-as-required\" id=\"strasse\" aria-required=\"true\" aria-invalid=\"false\" placeholder=\"Strasse \/ Nr. *\" value=\"\" type=\"text\" name=\"strasse\" \/><\/span><span class=\"wpcf7-form-control-wrap\" data-name=\"plz\"><input class=\"wpcf7-form-control wpcf7-number wpcf7-validates-as-required wpcf7-validates-as-number\" id=\"plz\" aria-required=\"true\" aria-invalid=\"false\" placeholder=\"PLZ*\" value=\"\" type=\"number\" name=\"plz\" \/><\/span><span class=\"wpcf7-form-control-wrap\" data-name=\"ortschaft\"><input size=\"40\" maxlength=\"400\" class=\"wpcf7-form-control wpcf7-text wpcf7-validates-as-required\" id=\"ortschaft\" aria-required=\"true\" aria-invalid=\"false\" placeholder=\"Ortschaft*\" value=\"\" type=\"text\" name=\"ortschaft\" \/><\/span><span class=\"wpcf7-form-control-wrap\" data-name=\"telefon\"><input size=\"40\" maxlength=\"400\" class=\"wpcf7-form-control wpcf7-tel wpcf7-validates-as-required wpcf7-text wpcf7-validates-as-tel\" id=\"telefon\" aria-required=\"true\" aria-invalid=\"false\" placeholder=\"Telefon*\" value=\"\" type=\"tel\" name=\"telefon\" \/><\/span><span class=\"form-oneline\"><span class=\"wpcf7-form-control-wrap\" data-name=\"email\"><input size=\"40\" maxlength=\"400\" class=\"wpcf7-form-control wpcf7-email wpcf7-validates-as-required wpcf7-text wpcf7-validates-as-email\" id=\"email\" aria-required=\"true\" aria-invalid=\"false\" placeholder=\"Ihre E-Mail Adresse*\" value=\"\" type=\"email\" name=\"email\" \/><\/span><span class=\"wpcf7-form-control-wrap\" data-name=\"geburtsdatum\"><input class=\"wpcf7-form-control wpcf7-date wpcf7-validates-as-required wpcf7-validates-as-date\" aria-required=\"true\" aria-invalid=\"false\" placeholder=\"Geburtsdatum*\" value=\"\" type=\"date\" name=\"geburtsdatum\" \/><\/span><br \/>\n<span class=\"wpcf7-form-control-wrap\" data-name=\"ruckruf\"><input size=\"40\" maxlength=\"400\" class=\"wpcf7-form-control wpcf7-text\" id=\"ruckruf\" aria-invalid=\"false\" placeholder=\"Bitte um R\u00fcckruf: Wochentag \/Uhrzeit\" value=\"\" type=\"text\" name=\"ruckruf\" \/><\/span><\/span><span class=\"wpcf7-form-control-wrap\" data-name=\"mitteilung\"><textarea cols=\"40\" rows=\"10\" maxlength=\"2000\" class=\"wpcf7-form-control wpcf7-textarea\" id=\"mitteilung\" aria-invalid=\"false\" placeholder=\"Mitteilung\" name=\"mitteilung\"><\/textarea><\/span><br \/>\n<label><span class=\"wpcf7-form-control-wrap\" data-name=\"AGB\"><span class=\"wpcf7-form-control wpcf7-checkbox wpcf7-validates-as-required\"><span class=\"wpcf7-list-item first last\"><input type=\"checkbox\" name=\"AGB[]\" value=\"\" \/><span class=\"wpcf7-list-item-label\"><\/span><\/span><\/span><\/span><span class=\"chkbox_label\">Ich akzeptiere die <a href=\"\/foerderbeitrag\/doc\/Factsheet_VA_Nachwuchsfoerderaktion_Teilnahmebedingungen_de.pdf\" target=\"_blank\">Zusatzbedingungen<\/a> f\u00fcr die Aktion \"Vorsorgef\u00f6rderung f\u00fcr Jung\u00e4rzte\" *<\/span><\/label>\n<\/p>\n<div class=\"errorText\">\n\t<p>* notwendige Angaben\n\t<\/p>\n<\/div>\n<p><input class=\"wpcf7-form-control wpcf7-submit has-spinner black-link\" id=\"sendenButton\" type=\"submit\" value=\"Senden\" \/><span class=\"wpcf7-form-control-wrap\" data-name=\"produktname\"><input size=\"40\" maxlength=\"400\" class=\"wpcf7-form-control wpcf7-text hidden\" aria-invalid=\"false\" value=\"MediFlex 3a (F\u00f6rderbeitrag)\" type=\"text\" name=\"produktname\" \/><\/span>\n<\/p><div class=\"wpcf7-response-output\" aria-hidden=\"true\"><\/div>\n<\/form>\n<\/div>\n\n","protected":false},"excerpt":{"rendered":"","protected":false},"author":1,"featured_media":0,"parent":0,"menu_order":0,"comment_status":"closed","ping_status":"closed","template":"page-formular-only.php","meta":{"footnotes":""},"class_list":["post-1327","page","type-page","status-publish","hentry"],"_links":{"self":[{"href":"https:\/\/www.va-genossenschaft.ch\/de\/wp-json\/wp\/v2\/pages\/1327","targetHints":{"allow":["GET"]}}],"collection":[{"href":"https:\/\/www.va-genossenschaft.ch\/de\/wp-json\/wp\/v2\/pages"}],"about":[{"href":"https:\/\/www.va-genossenschaft.ch\/de\/wp-json\/wp\/v2\/types\/page"}],"author":[{"embeddable":true,"href":"https:\/\/www.va-genossenschaft.ch\/de\/wp-json\/wp\/v2\/users\/1"}],"replies":[{"embeddable":true,"href":"https:\/\/www.va-genossenschaft.ch\/de\/wp-json\/wp\/v2\/comments?post=1327"}],"version-history":[{"count":2,"href":"https:\/\/www.va-genossenschaft.ch\/de\/wp-json\/wp\/v2\/pages\/1327\/revisions"}],"predecessor-version":[{"id":1366,"href":"https:\/\/www.va-genossenschaft.ch\/de\/wp-json\/wp\/v2\/pages\/1327\/revisions\/1366"}],"wp:attachment":[{"href":"https:\/\/www.va-genossenschaft.ch\/de\/wp-json\/wp\/v2\/media?parent=1327"}],"curies":[{"name":"wp","href":"https:\/\/api.w.org\/{rel}","templated":true}]}}