{"id":133,"date":"2015-03-17T10:41:55","date_gmt":"2015-03-17T09:41:55","guid":{"rendered":"https:\/\/www.va-genossenschaft.ch\/?page_id=133"},"modified":"2015-03-19T16:07:57","modified_gmt":"2015-03-19T15:07:57","slug":"grenzbetraege-2015","status":"publish","type":"page","link":"https:\/\/www.va-genossenschaft.ch\/de\/service\/vorsorge-hinweise\/grenzbetraege-2015\/","title":{"rendered":"Grenzbetr\u00e4ge f\u00fcr Sozialversicherungen 2015"},"content":{"rendered":"<p><strong>3. S\u00e4ule &#8211; Private Vorsorge <\/strong><br \/>\n<strong>Grenzbetr\u00e4ge S\u00e4ule 3a<\/strong><\/p>\n<table style=\"width: 95%;\">\n<tbody>\n<tr>\n<td style=\"width: 65%; vertical-align: top;\">BVG versichert<\/td>\n<td style=\"width: 35%; text-align: right; vertical-align: top;\">max. CHF 6&#8217;768.00<\/td>\n<\/tr>\n<tr>\n<td style=\"width: 65%; vertical-align: top;\">nicht BVG versichert<br \/>\n20% des Erwerbseinkommen<br \/>\ndie &#8222;Definition des Erwerbseinkommen&#8220; richtet sich nach <a href=\"http:\/\/www.admin.ch\/opc\/de\/classified-compilation\/19900329\/index.html#a18\" target=\"_blank\">DBG Art. 18<\/a> und <a href=\"http:\/\/www.admin.ch\/opc\/de\/classified-compilation\/19900329\/index.html#a58\" target=\"_blank\">DBG Art.<\/a><a href=\"http:\/\/www.komet.ch\" target=\"_blank\"> 58ff<\/a><\/td>\n<td style=\"width: 35%; text-align: right; vertical-align: top;\">CHF 33&#8217;840.00<\/td>\n<\/tr>\n<\/tbody>\n<\/table>\n<p><strong>2. S\u00e4ule &#8211; Berufliche Vorsorge <\/strong><br \/>\n<strong>Berufliche Vorsorge (Basis BVG Minimalleistungen)<\/strong><\/p>\n<table style=\"width: 95%;\">\n<tbody>\n<tr>\n<td style=\"width: 65%; vertical-align: top;\">Eintrittsschwelle (minimaler Lohn)<\/td>\n<td style=\"width: 35%; text-align: right; vertical-align: top;\">CHF 21&#8217;150.00<\/td>\n<\/tr>\n<tr>\n<td style=\"width: 65%; vertical-align: top;\">Koordinations-Abzug<\/td>\n<td style=\"width: 35%; text-align: right; vertical-align: top;\">CHF 24&#8217;675.00<\/td>\n<\/tr>\n<tr>\n<td style=\"width: 65%; vertical-align: top;\">Minimaler BVG-Zinssatz<\/td>\n<td style=\"width: 35%; text-align: right; vertical-align: top;\">1.75%<\/td>\n<\/tr>\n<\/tbody>\n<\/table>\n<p><strong>Obligatorische Unfallversicherung UVG (f\u00fcr Arbeitnehmer)<\/strong><\/p>\n<table style=\"width: 95%;\">\n<tbody>\n<tr>\n<td style=\"width: 65%; vertical-align: top;\">Maximal versicherter Lohn<\/td>\n<td style=\"width: 35%; text-align: right; vertical-align: top;\">CHF 126&#8217;000.00<\/td>\n<\/tr>\n<\/tbody>\n<\/table>\n<p><strong>1. S\u00e4ule AHV Renten &#8211; Staatliche Vorsorge<\/strong><\/p>\n<table style=\"width: 95%;\">\n<tbody>\n<tr>\n<td style=\"width: 65%; vertical-align: top;\">Minimale einfache Rente<\/td>\n<td style=\"width: 35%; text-align: right; vertical-align: top;\">CHF 14&#8217;100.00<\/td>\n<\/tr>\n<tr>\n<td style=\"width: 65%; vertical-align: top;\">Maximale einfache Rente<\/td>\n<td style=\"width: 35%; text-align: right; vertical-align: top;\">CHF 28&#8217;200.00<\/td>\n<\/tr>\n<tr>\n<td style=\"width: 65%; vertical-align: top;\">Maximale Ehepartnerrente plafoniert<\/td>\n<td style=\"width: 35%; text-align: right; vertical-align: top;\">CHF 42&#8217;300.00<\/td>\n<\/tr>\n<\/tbody>\n<\/table>\n<p>&nbsp;<\/p>\n","protected":false},"excerpt":{"rendered":"<p>3. S\u00e4ule &#8211; Private Vorsorge Grenzbetr\u00e4ge S\u00e4ule 3a BVG versichert max. CHF 6&#8217;768.00 nicht BVG versichert 20% des Erwerbseinkommen die &#8222;Definition des Erwerbseinkommen&#8220; richtet sich nach DBG Art. 18 und DBG Art. 58ff CHF 33&#8217;840.00 2. S\u00e4ule &#8211; Berufliche Vorsorge Berufliche Vorsorge (Basis BVG Minimalleistungen) Eintrittsschwelle (minimaler Lohn) CHF 21&#8217;150.00 Koordinations-Abzug CHF 24&#8217;675.00 Minimaler BVG-Zinssatz &hellip; <a href=\"https:\/\/www.va-genossenschaft.ch\/de\/service\/vorsorge-hinweise\/grenzbetraege-2015\/\" class=\"more-link\"><span class=\"screen-reader-text\">Grenzbetr\u00e4ge f\u00fcr Sozialversicherungen 2015<\/span> weiterlesen <span class=\"meta-nav\">&rarr;<\/span><\/a><\/p>\n","protected":false},"author":1,"featured_media":0,"parent":64,"menu_order":0,"comment_status":"open","ping_status":"open","template":"","meta":{"footnotes":""},"class_list":["post-133","page","type-page","status-publish","hentry"],"_links":{"self":[{"href":"https:\/\/www.va-genossenschaft.ch\/de\/wp-json\/wp\/v2\/pages\/133","targetHints":{"allow":["GET"]}}],"collection":[{"href":"https:\/\/www.va-genossenschaft.ch\/de\/wp-json\/wp\/v2\/pages"}],"about":[{"href":"https:\/\/www.va-genossenschaft.ch\/de\/wp-json\/wp\/v2\/types\/page"}],"author":[{"embeddable":true,"href":"https:\/\/www.va-genossenschaft.ch\/de\/wp-json\/wp\/v2\/users\/1"}],"replies":[{"embeddable":true,"href":"https:\/\/www.va-genossenschaft.ch\/de\/wp-json\/wp\/v2\/comments?post=133"}],"version-history":[{"count":25,"href":"https:\/\/www.va-genossenschaft.ch\/de\/wp-json\/wp\/v2\/pages\/133\/revisions"}],"predecessor-version":[{"id":382,"href":"https:\/\/www.va-genossenschaft.ch\/de\/wp-json\/wp\/v2\/pages\/133\/revisions\/382"}],"up":[{"embeddable":true,"href":"https:\/\/www.va-genossenschaft.ch\/de\/wp-json\/wp\/v2\/pages\/64"}],"wp:attachment":[{"href":"https:\/\/www.va-genossenschaft.ch\/de\/wp-json\/wp\/v2\/media?parent=133"}],"curies":[{"name":"wp","href":"https:\/\/api.w.org\/{rel}","templated":true}]}}