{"id":1372,"date":"2017-11-22T13:18:09","date_gmt":"2017-11-22T12:18:09","guid":{"rendered":"https:\/\/www.va-genossenschaft.ch\/?page_id=1372\/"},"modified":"2017-11-22T15:27:32","modified_gmt":"2017-11-22T14:27:32","slug":"grenzbetraege-fuer-sozialversicherungen-2018","status":"publish","type":"page","link":"https:\/\/www.va-genossenschaft.ch\/de\/service\/vorsorge-hinweise\/grenzbetraege-fuer-sozialversicherungen-2018\/","title":{"rendered":"Grenzbetr\u00e4ge f\u00fcr Sozialversicherungen 2018"},"content":{"rendered":"<p><strong>3. S\u00e4ule &#8211; Private Vorsorge\u00a0<\/strong><br \/>\n<strong>Grenzbetr\u00e4ge S\u00e4ule 3a<\/strong><\/p>\n<table style=\"width: 95%;\">\n<tbody>\n<tr>\n<td style=\"width: 65%; vertical-align: top;\">BVG versichert<\/td>\n<td style=\"width: 35%; text-align: right; vertical-align: top;\">max. CHF 6&#8217;768.00<\/td>\n<\/tr>\n<tr>\n<td style=\"width: 65%; vertical-align: top;\">nicht BVG versichert<br \/>\n20% des Erwerbseinkommens.<br \/>\nDie &#8222;Definition des Erwerbseinkommens&#8220; richtet sich nach\u00a0<a href=\"http:\/\/www.admin.ch\/opc\/de\/classified-compilation\/19900329\/index.html#a18\" target=\"_blank\" rel=\"noopener noreferrer\">DBG Art. 18<\/a>\u00a0und\u00a0<a href=\"http:\/\/www.admin.ch\/opc\/de\/classified-compilation\/19900329\/index.html#a58\" target=\"_blank\" rel=\"noopener noreferrer\">DBG Art. 58ff<\/a><\/td>\n<td style=\"width: 35%; text-align: right; vertical-align: top;\">CHF 33&#8217;840.00<\/td>\n<\/tr>\n<\/tbody>\n<\/table>\n<p><strong>2. S\u00e4ule &#8211; Berufliche Vorsorge\u00a0<\/strong><br \/>\n<strong>Berufliche Vorsorge (Basis BVG Minimalleistungen)<\/strong><\/p>\n<table style=\"width: 95%;\">\n<tbody>\n<tr>\n<td style=\"width: 65%; vertical-align: top;\">Eintrittsschwelle (minimaler Lohn)<\/td>\n<td style=\"width: 35%; text-align: right; vertical-align: top;\">CHF 21&#8217;150.00<\/td>\n<\/tr>\n<tr>\n<td style=\"width: 65%; vertical-align: top;\">Koordinations-Abzug<\/td>\n<td style=\"width: 35%; text-align: right; vertical-align: top;\">CHF 24&#8217;675.00<\/td>\n<\/tr>\n<tr>\n<td style=\"width: 65%; vertical-align: top;\">Minimaler BVG-Zinssatz<\/td>\n<td style=\"width: 35%; text-align: right; vertical-align: top;\">1%<\/td>\n<\/tr>\n<\/tbody>\n<\/table>\n<p><strong>Obligatorische Unfallversicherung UVG (f\u00fcr Arbeitnehmer)<\/strong><\/p>\n<table style=\"width: 95%;\">\n<tbody>\n<tr>\n<td style=\"width: 65%; vertical-align: top;\">Maximal versicherter Lohn<\/td>\n<td style=\"width: 35%; text-align: right; vertical-align: top;\">CHF 148&#8217;200.00<\/td>\n<\/tr>\n<\/tbody>\n<\/table>\n<p><strong>1. S\u00e4ule AHV Renten &#8211; Staatliche Vorsorge<\/strong><\/p>\n<table style=\"width: 95%;\">\n<tbody>\n<tr>\n<td style=\"width: 65%; vertical-align: top;\">Minimale einfache Rente<\/td>\n<td style=\"width: 35%; text-align: right; vertical-align: top;\">CHF 14&#8217;100.00<\/td>\n<\/tr>\n<tr>\n<td style=\"width: 65%; vertical-align: top;\">Maximale einfache Rente<\/td>\n<td style=\"width: 35%; text-align: right; vertical-align: top;\">CHF 28&#8217;200.00<\/td>\n<\/tr>\n<tr>\n<td style=\"width: 65%; vertical-align: top;\">Maximale Ehepartnerrente plafoniert<\/td>\n<td style=\"width: 35%; text-align: right; vertical-align: top;\">CHF 42&#8217;300.00<\/td>\n<\/tr>\n<\/tbody>\n<\/table>\n","protected":false},"excerpt":{"rendered":"<p>3. S\u00e4ule &#8211; Private Vorsorge\u00a0 Grenzbetr\u00e4ge S\u00e4ule 3a BVG versichert max. CHF 6&#8217;768.00 nicht BVG versichert 20% des Erwerbseinkommens. Die &#8222;Definition des Erwerbseinkommens&#8220; richtet sich nach\u00a0DBG Art. 18\u00a0und\u00a0DBG Art. 58ff CHF 33&#8217;840.00 2. S\u00e4ule &#8211; Berufliche Vorsorge\u00a0 Berufliche Vorsorge (Basis BVG Minimalleistungen) Eintrittsschwelle (minimaler Lohn) CHF 21&#8217;150.00 Koordinations-Abzug CHF 24&#8217;675.00 Minimaler BVG-Zinssatz 1% Obligatorische Unfallversicherung &hellip; <a href=\"https:\/\/www.va-genossenschaft.ch\/de\/service\/vorsorge-hinweise\/grenzbetraege-fuer-sozialversicherungen-2018\/\" class=\"more-link\"><span class=\"screen-reader-text\">Grenzbetr\u00e4ge f\u00fcr Sozialversicherungen 2018<\/span> weiterlesen <span class=\"meta-nav\">&rarr;<\/span><\/a><\/p>\n","protected":false},"author":1,"featured_media":0,"parent":64,"menu_order":0,"comment_status":"closed","ping_status":"closed","template":"","meta":{"footnotes":""},"class_list":["post-1372","page","type-page","status-publish","hentry"],"_links":{"self":[{"href":"https:\/\/www.va-genossenschaft.ch\/de\/wp-json\/wp\/v2\/pages\/1372","targetHints":{"allow":["GET"]}}],"collection":[{"href":"https:\/\/www.va-genossenschaft.ch\/de\/wp-json\/wp\/v2\/pages"}],"about":[{"href":"https:\/\/www.va-genossenschaft.ch\/de\/wp-json\/wp\/v2\/types\/page"}],"author":[{"embeddable":true,"href":"https:\/\/www.va-genossenschaft.ch\/de\/wp-json\/wp\/v2\/users\/1"}],"replies":[{"embeddable":true,"href":"https:\/\/www.va-genossenschaft.ch\/de\/wp-json\/wp\/v2\/comments?post=1372"}],"version-history":[{"count":2,"href":"https:\/\/www.va-genossenschaft.ch\/de\/wp-json\/wp\/v2\/pages\/1372\/revisions"}],"predecessor-version":[{"id":1433,"href":"https:\/\/www.va-genossenschaft.ch\/de\/wp-json\/wp\/v2\/pages\/1372\/revisions\/1433"}],"up":[{"embeddable":true,"href":"https:\/\/www.va-genossenschaft.ch\/de\/wp-json\/wp\/v2\/pages\/64"}],"wp:attachment":[{"href":"https:\/\/www.va-genossenschaft.ch\/de\/wp-json\/wp\/v2\/media?parent=1372"}],"curies":[{"name":"wp","href":"https:\/\/api.w.org\/{rel}","templated":true}]}}