{"id":168,"date":"2015-03-17T11:18:48","date_gmt":"2015-03-17T10:18:48","guid":{"rendered":"https:\/\/www.va-genossenschaft.ch\/?page_id=168"},"modified":"2018-10-02T15:45:58","modified_gmt":"2018-10-02T13:45:58","slug":"vorsorgelandschaft-2","status":"publish","type":"page","link":"https:\/\/www.va-genossenschaft.ch\/de\/service\/vorsorge-hinweise\/vorsorgelandschaft-2\/","title":{"rendered":"Vorsorgelandschaft"},"content":{"rendered":"<p><strong>Vorsorgelandschaft in der Schweiz<\/strong><br \/>\nSeit der Volksabstimmung im 1972 ist in der Bundesverfassung das 3-S\u00e4ulen-Konzept als Grundlage des schweizerischen Vorsorgesystems verankert, mit dem Ziel, die Wohnbev\u00f6lkerung gegen die Risiken Invalidit\u00e4t, Tod und Alter zu versichern.<\/p>\n<p>Die 3 S\u00e4ulen sehen folgende Ziele vor:<\/p>\n<p><a href=\"https:\/\/www.va-genossenschaft.ch\/wp-content\/uploads\/2015\/03\/vorsorge-hinweis.png\"><img fetchpriority=\"high\" decoding=\"async\" width=\"1200\" height=\"600\" class=\"alignnone wp-image-61 size-full\" src=\"https:\/\/www.va-genossenschaft.ch\/wp-content\/uploads\/2015\/03\/vorsorge-hinweis.png\" alt=\"\" srcset=\"https:\/\/www.va-genossenschaft.ch\/wp-content\/uploads\/2015\/03\/vorsorge-hinweis.png 1200w, https:\/\/www.va-genossenschaft.ch\/wp-content\/uploads\/2015\/03\/vorsorge-hinweis-300x150.png 300w, https:\/\/www.va-genossenschaft.ch\/wp-content\/uploads\/2015\/03\/vorsorge-hinweis-1024x512.png 1024w\" sizes=\"(max-width: 1200px) 100vw, 1200px\" \/><\/a><\/p>\n<p>Zur Sicherung der pers\u00f6nlichen Vorsorge wird es in Zukunft immer wichtiger, dass man die individuelle Selbstvorsorge in der 2. und 3. S\u00e4ule f\u00f6rdert. Vor allem die 3. S\u00e4ule ist wichtiger geworden, weil die Altersleistungen aus der 1. und 2. S\u00e4ule in der H\u00f6he nicht garantiert werden k\u00f6nnen.<\/p>\n<p>Mit einer gezielten Planung und Einzahlungen in die 2. und 3. S\u00e4ule kann die Vorsorge auch mit Hilfe der Steuervorteile optimal den Bed\u00fcrfnissen angepasst werden.<\/p>\n<p>Um den individuellen Versicherungs- und Vorsorgeschutz zu \u00fcberpr\u00fcfen, empfehlen wir Ihnen, in regelm\u00e4ssigen Abst\u00e4nden oder bei \u00c4nderungen des Bedarfs (Aufnahme selbst\u00e4ndige Erwerbst\u00e4tigkeit, Heirat, Familienzuwachs, Kauf Eigenheim, Scheidung) eine individuelle Vorsorgeanalyse erstellen zu lassen.<\/p>\n","protected":false},"excerpt":{"rendered":"<p>Vorsorgelandschaft in der Schweiz Seit der Volksabstimmung im 1972 ist in der Bundesverfassung das 3-S\u00e4ulen-Konzept als Grundlage des schweizerischen Vorsorgesystems verankert, mit dem Ziel, die Wohnbev\u00f6lkerung gegen die Risiken Invalidit\u00e4t, Tod und Alter zu versichern. Die 3 S\u00e4ulen sehen folgende Ziele vor: Zur Sicherung der pers\u00f6nlichen Vorsorge wird es in Zukunft immer wichtiger, dass man &hellip; <a href=\"https:\/\/www.va-genossenschaft.ch\/de\/service\/vorsorge-hinweise\/vorsorgelandschaft-2\/\" class=\"more-link\"><span class=\"screen-reader-text\">Vorsorgelandschaft<\/span> weiterlesen <span class=\"meta-nav\">&rarr;<\/span><\/a><\/p>\n","protected":false},"author":1,"featured_media":0,"parent":64,"menu_order":0,"comment_status":"open","ping_status":"open","template":"","meta":{"footnotes":""},"class_list":["post-168","page","type-page","status-publish","hentry"],"_links":{"self":[{"href":"https:\/\/www.va-genossenschaft.ch\/de\/wp-json\/wp\/v2\/pages\/168","targetHints":{"allow":["GET"]}}],"collection":[{"href":"https:\/\/www.va-genossenschaft.ch\/de\/wp-json\/wp\/v2\/pages"}],"about":[{"href":"https:\/\/www.va-genossenschaft.ch\/de\/wp-json\/wp\/v2\/types\/page"}],"author":[{"embeddable":true,"href":"https:\/\/www.va-genossenschaft.ch\/de\/wp-json\/wp\/v2\/users\/1"}],"replies":[{"embeddable":true,"href":"https:\/\/www.va-genossenschaft.ch\/de\/wp-json\/wp\/v2\/comments?post=168"}],"version-history":[{"count":5,"href":"https:\/\/www.va-genossenschaft.ch\/de\/wp-json\/wp\/v2\/pages\/168\/revisions"}],"predecessor-version":[{"id":1453,"href":"https:\/\/www.va-genossenschaft.ch\/de\/wp-json\/wp\/v2\/pages\/168\/revisions\/1453"}],"up":[{"embeddable":true,"href":"https:\/\/www.va-genossenschaft.ch\/de\/wp-json\/wp\/v2\/pages\/64"}],"wp:attachment":[{"href":"https:\/\/www.va-genossenschaft.ch\/de\/wp-json\/wp\/v2\/media?parent=168"}],"curies":[{"name":"wp","href":"https:\/\/api.w.org\/{rel}","templated":true}]}}