{"id":171,"date":"2015-03-17T11:20:31","date_gmt":"2015-03-17T10:20:31","guid":{"rendered":"https:\/\/www.va-genossenschaft.ch\/?page_id=171"},"modified":"2021-11-02T11:46:50","modified_gmt":"2021-11-02T10:46:50","slug":"versicherung-und-steuern","status":"publish","type":"page","link":"https:\/\/www.va-genossenschaft.ch\/de\/service\/vorsorge-hinweise\/versicherung-und-steuern\/","title":{"rendered":"Versicherung und Steuern"},"content":{"rendered":"<p><strong>Versicherungen und Steuern<\/strong><br \/>\nDurch eine geschickte Planung k\u00f6nnen Sie mit Versicherungen auch Ihre Steuern optimieren. Es stehen folgende Themenbereiche an:<\/p>\n<p><strong>Nutzung der M\u00f6glichkeiten in der S\u00e4ule 3a<\/strong><br \/>\nNutzung der M\u00f6glichkeiten der S\u00e4ule 3a f\u00fcr Angestellte (CHF 6&#8217;883.&#8211; Stand 2022) und f\u00fcr selbst\u00e4ndig Erwerbende ohne berufliche Vorsorge (20% des Einkommens, maximal CHF 34&#8217;416.00 Stand 2022). Die Betr\u00e4ge k\u00f6nnen in diesem Rahmen voll vom steuerbaren Einkommen in Abzug gebracht werden.<\/p>\n<p><strong>Nutzung der M\u00f6glichkeiten in der 2. S\u00e4ule (berufliche Vorsorge)<\/strong><br \/>\nSelbst\u00e4ndig Erwerbende k\u00f6nnen sich freiwillig der beruflichen Vorsorge bei den Standesorganisationen (PAT-BVG, VSAO-Stiftung, Stiftung SSO, Pro Medico, etc.) anschliessen.<\/p>\n<p>Der Vorteil eines solchen Anschlusses ist, dass man neben den ordentlichen Beitr\u00e4gen f\u00fcr die Altersplanung noch zus\u00e4tzliche Einzahlungen t\u00e4tigen kann. Dadurch erh\u00f6ht sich die Altersvorsorge und das steuerbare Einkommen wird gleichzeitig optimiert. Diese Zusatzzahlungen sind im Rahmen der jeweiligen Reglemente sowie nach den Vorgaben der Steuerbeh\u00f6rden abzugsberechtigt.<\/p>\n<p><strong>Gestaffelte Auszahlungen der Vorsorgekapitalien<\/strong><br \/>\nDer R\u00fcckzug der Vorsorgekapitalien muss geplant werden. Vorsorgekapitalien der 2. und 3. S\u00e4ule werden im Auszahlungsjahr kumuliert und gesondert vom \u00fcbrigen Einkommen besteuert. Daher ist es von Vorteil, die Auszahlungstermine gezielt zu planen. Wir empfehlen Ihnen, in der S\u00e4ule 3a mehrere Konten \/ Vertr\u00e4ge abzuschliessen, um den R\u00fcckzugstermin staffeln zu k\u00f6nnen.<\/p>\n<p><strong>Was gilt es in der S\u00e4ule 3a zu beachten:<\/strong><\/p>\n<ul>\n<li>Ab Alter 60 ist ein Kapitalbezug aus einem Konto oder einer Versicherung nur noch als Gesamtes m\u00f6glich. Teilbez\u00fcge sind nicht zul\u00e4ssig.<\/li>\n<li>Kapitalbezug f\u00fcr Wohneigentumsf\u00f6rderung (WEF) ist nur bis 5 Jahre vor der ordentlichen Pensionierung zul\u00e4ssig und nur alle 5 Jahre m\u00f6glich. Es k\u00f6nnen auch Teilbetr\u00e4ge bezogen werden. Die gesetzlichen Grundlagen sind zu beachten.<\/li>\n<li>Mit einer optimalen Planung der Auszahlungen (ev. schon bereits ab Alter 55) kann die Steuerbelastung auf den ausbezahlten Kapitalien optimiert werden.<\/li>\n<li>In der <a href=\"http:\/\/www.admin.ch\/opc\/de\/classified-compilation\/19850278\/index.html#a3\" target=\"_blank\" rel=\"noopener\">Verordnung (BVV3, Art. 3.1)<\/a> ist vorgesehen, dass der Bezug der Vorsorgegelder bis 5 Jahre nach der ordentlichen Pensionierung aufgeschoben werden kann, wenn noch ein Erwerbseinkommen aus selbst\u00e4ndiger- oder unselbst\u00e4ndiger T\u00e4tigkeit erzielt wird. F\u00e4llt das Erwerbseinkommen weg, wird das Kapital f\u00e4llig. Versicherungspolicen k\u00f6nnen in der Regel nicht verl\u00e4ngert werden. Kl\u00e4ren Sie vor dem Aufschub die M\u00f6glichkeit mit dem Versicherer oder der Bankstiftung ab.<\/li>\n<\/ul>\n<p><strong>Freie Vorsorge, Versicherungen mit Einmalpr\u00e4mien<\/strong><\/p>\n<p>Versicherungen finanziert mit einer Einmalpr\u00e4mien sind sichere Anlagen und der Ertrag der Anlage ist steuerbefreit, wenn folgende Punkte eingehalten werden:<\/p>\n<p><a href=\"http:\/\/www.admin.ch\/opc\/de\/classified-compilation\/19900329\/index.html#a20\" target=\"_blank\" rel=\"noopener\">DBG Art. 20, a<\/a><\/p>\n<ul>\n<li>Die Laufzeit betr\u00e4gt mindestens 5 Jahre<\/li>\n<li>Der Vertragsabschluss erfolgt vor dem vollendeten 66. Altersjahr<\/li>\n<li>Der Ablauf des Vertrages ist nach dem 60. Lebensjahr<\/li>\n<\/ul>\n","protected":false},"excerpt":{"rendered":"<p>Versicherungen und Steuern Durch eine geschickte Planung k\u00f6nnen Sie mit Versicherungen auch Ihre Steuern optimieren. Es stehen folgende Themenbereiche an: Nutzung der M\u00f6glichkeiten in der S\u00e4ule 3a Nutzung der M\u00f6glichkeiten der S\u00e4ule 3a f\u00fcr Angestellte (CHF 6&#8217;883.&#8211; Stand 2022) und f\u00fcr selbst\u00e4ndig Erwerbende ohne berufliche Vorsorge (20% des Einkommens, maximal CHF 34&#8217;416.00 Stand 2022). Die &hellip; <a href=\"https:\/\/www.va-genossenschaft.ch\/de\/service\/vorsorge-hinweise\/versicherung-und-steuern\/\" class=\"more-link\"><span class=\"screen-reader-text\">Versicherung und Steuern<\/span> weiterlesen <span class=\"meta-nav\">&rarr;<\/span><\/a><\/p>\n","protected":false},"author":1,"featured_media":0,"parent":64,"menu_order":0,"comment_status":"open","ping_status":"open","template":"","meta":{"footnotes":""},"class_list":["post-171","page","type-page","status-publish","hentry"],"_links":{"self":[{"href":"https:\/\/www.va-genossenschaft.ch\/de\/wp-json\/wp\/v2\/pages\/171","targetHints":{"allow":["GET"]}}],"collection":[{"href":"https:\/\/www.va-genossenschaft.ch\/de\/wp-json\/wp\/v2\/pages"}],"about":[{"href":"https:\/\/www.va-genossenschaft.ch\/de\/wp-json\/wp\/v2\/types\/page"}],"author":[{"embeddable":true,"href":"https:\/\/www.va-genossenschaft.ch\/de\/wp-json\/wp\/v2\/users\/1"}],"replies":[{"embeddable":true,"href":"https:\/\/www.va-genossenschaft.ch\/de\/wp-json\/wp\/v2\/comments?post=171"}],"version-history":[{"count":9,"href":"https:\/\/www.va-genossenschaft.ch\/de\/wp-json\/wp\/v2\/pages\/171\/revisions"}],"predecessor-version":[{"id":1823,"href":"https:\/\/www.va-genossenschaft.ch\/de\/wp-json\/wp\/v2\/pages\/171\/revisions\/1823"}],"up":[{"embeddable":true,"href":"https:\/\/www.va-genossenschaft.ch\/de\/wp-json\/wp\/v2\/pages\/64"}],"wp:attachment":[{"href":"https:\/\/www.va-genossenschaft.ch\/de\/wp-json\/wp\/v2\/media?parent=171"}],"curies":[{"name":"wp","href":"https:\/\/api.w.org\/{rel}","templated":true}]}}