{"id":180,"date":"2015-03-17T11:32:16","date_gmt":"2015-03-17T10:32:16","guid":{"rendered":"https:\/\/www.va-genossenschaft.ch\/?page_id=180"},"modified":"2015-03-17T11:32:47","modified_gmt":"2015-03-17T10:32:47","slug":"assistenzarztzeit","status":"publish","type":"page","link":"https:\/\/www.va-genossenschaft.ch\/de\/service\/vorsorge-hinweise\/assistenzarztzeit\/","title":{"rendered":"Assistenzarztzeit"},"content":{"rendered":"<p><strong>Assistenzarztzeit<\/strong><br \/>\n\u00dcber den Arbeitgeber sind Sie obligatorisch in der 1. und 2. S\u00e4ule versichert.<\/p>\n<p>Bei Stellenwechsel empfehlen wir Ihnen jeweils, den neuen Versicherungsschutz zu \u00fcberpr\u00fcfen und sich von einem Fachmann beraten zu lassen.<\/p>\n<p>In dieser Phase der Aus- und Weiterbildung ist es wichtig, bereits an Ihre individuelle Selbstvorsorge zu denken und fr\u00fchzeitig mit dem Sparprozess zu beginnen. Mit der Wahl von flexiblen und geeigneten Produkten sichern Sie Ihre finanzielle Unabh\u00e4ngigkeit nachhaltig.<\/p>\n<p>Die Absicherung des Erwerbseinkommens bei Krankheit oder Unfall sollte in der Assistenzzeit ebenfalls sichergestellt werden. Der kurzfristige Lohnausfall ist in dieser Zeit in aller Regel durch den Arbeitgeber abgedeckt. L\u00e4nger als 2 Jahre dauernde Erwerbsausf\u00e4lle (Invalidit\u00e4t) m\u00fcssen durch den Abschluss einer Erwerbsunf\u00e4higkeitsrente abgedeckt werden. Damit kann der gewohnte Lebensstandard fortgef\u00fchrt werden.<\/p>\n","protected":false},"excerpt":{"rendered":"<p>Assistenzarztzeit \u00dcber den Arbeitgeber sind Sie obligatorisch in der 1. und 2. S\u00e4ule versichert. Bei Stellenwechsel empfehlen wir Ihnen jeweils, den neuen Versicherungsschutz zu \u00fcberpr\u00fcfen und sich von einem Fachmann beraten zu lassen. In dieser Phase der Aus- und Weiterbildung ist es wichtig, bereits an Ihre individuelle Selbstvorsorge zu denken und fr\u00fchzeitig mit dem Sparprozess &hellip; <a href=\"https:\/\/www.va-genossenschaft.ch\/de\/service\/vorsorge-hinweise\/assistenzarztzeit\/\" class=\"more-link\"><span class=\"screen-reader-text\">Assistenzarztzeit<\/span> weiterlesen <span class=\"meta-nav\">&rarr;<\/span><\/a><\/p>\n","protected":false},"author":1,"featured_media":0,"parent":64,"menu_order":0,"comment_status":"open","ping_status":"open","template":"","meta":{"footnotes":""},"class_list":["post-180","page","type-page","status-publish","hentry"],"_links":{"self":[{"href":"https:\/\/www.va-genossenschaft.ch\/de\/wp-json\/wp\/v2\/pages\/180","targetHints":{"allow":["GET"]}}],"collection":[{"href":"https:\/\/www.va-genossenschaft.ch\/de\/wp-json\/wp\/v2\/pages"}],"about":[{"href":"https:\/\/www.va-genossenschaft.ch\/de\/wp-json\/wp\/v2\/types\/page"}],"author":[{"embeddable":true,"href":"https:\/\/www.va-genossenschaft.ch\/de\/wp-json\/wp\/v2\/users\/1"}],"replies":[{"embeddable":true,"href":"https:\/\/www.va-genossenschaft.ch\/de\/wp-json\/wp\/v2\/comments?post=180"}],"version-history":[{"count":2,"href":"https:\/\/www.va-genossenschaft.ch\/de\/wp-json\/wp\/v2\/pages\/180\/revisions"}],"predecessor-version":[{"id":182,"href":"https:\/\/www.va-genossenschaft.ch\/de\/wp-json\/wp\/v2\/pages\/180\/revisions\/182"}],"up":[{"embeddable":true,"href":"https:\/\/www.va-genossenschaft.ch\/de\/wp-json\/wp\/v2\/pages\/64"}],"wp:attachment":[{"href":"https:\/\/www.va-genossenschaft.ch\/de\/wp-json\/wp\/v2\/media?parent=180"}],"curies":[{"name":"wp","href":"https:\/\/api.w.org\/{rel}","templated":true}]}}