{"id":184,"date":"2015-03-17T11:34:18","date_gmt":"2015-03-17T10:34:18","guid":{"rendered":"https:\/\/www.va-genossenschaft.ch\/?page_id=184"},"modified":"2015-03-17T11:39:29","modified_gmt":"2015-03-17T10:39:29","slug":"praxisuebernahme","status":"publish","type":"page","link":"https:\/\/www.va-genossenschaft.ch\/de\/service\/vorsorge-hinweise\/praxisuebernahme\/","title":{"rendered":"Praxis\u00fcbernahme"},"content":{"rendered":"<p><strong>Praxis\u00fcbernahme, Schritt in die Selbstst\u00e4ndigkeit<\/strong><br \/>\nDer Schritt, eine bestehende Arztpraxis zu \u00fcbernehmen, muss gut geplant werden. Es empfiehlt sich, einen Business-Plan zu erstellen und die Investitionen professionell zu planen. Berater der Standesorganisationen oder Treuh\u00e4nder unterst\u00fctzen Sie dabei gern.<\/p>\n<p>Am Anfang stehen f\u00fcr den angehenden Unternehmer folgende Finanzierungsthemen im Vordergrund:<\/p>\n<ul>\n<li>Finanzierung der \u00dcbernahme des Inventars der bisherigen Arztpraxis<\/li>\n<li>Finanzierung eines m\u00f6glichen Goodwills an den bisherigen Praxisinhab (Renomm\u00e9e der Praxis, Kundenkartei etc.)<\/li>\n<li>Finanzierung von Erneuerungen, Renovationen oder Neuinvestitionen<\/li>\n<li>Kontokorrent-Kredit zur Deckung der laufenden Betriebskosten<\/li>\n<\/ul>\n<p>Weiter m\u00fcssen Sie den gesamten Versicherungsschutz neu regeln und werden mit folgenden Versicherungsthemen konfrontiert:<\/p>\n<p><strong>Sach- und Haftpflichtversicherungen<\/strong><\/p>\n<ul>\n<li>Inventar der Praxis<\/li>\n<li>Versicherung der technischen Ger\u00e4te<\/li>\n<li>Berufshaftpflichtversicherung f\u00fcr Sie als Arzt und f\u00fcr Ihre Angestellten<\/li>\n<\/ul>\n<p><strong>\u00a0Personalversicherungen f\u00fcr die Angestellten<\/strong><\/p>\n<ul>\n<li>Krankentaggeld- und Unfallversicherung (UVG) f\u00fcr die Angestellten<\/li>\n<li>Anschluss in eine berufliche Vorsorge<\/li>\n<\/ul>\n<p><strong>\u00a0Absicherungen von Investitionen<\/strong><\/p>\n<ul>\n<li>Risikoabsicherung (Tod, Invalidit\u00e4t) von Praxiskrediten<\/li>\n<li>Versicherung der technische Anlagen und Maschinen<\/li>\n<\/ul>\n<p><strong>Pers\u00f6nliche Vorsorge mit Steuerplanung<\/strong><\/p>\n<ul>\n<li>Private Vorsorge f\u00fcr Sie und Ihre Familie, Absicherung bei Tod und Invalidit\u00e4t<\/li>\n<li>Altersvorsorge \/ Altersplanung<\/li>\n<li>Steuerplanung<\/li>\n<\/ul>\n<p>Es ist wichtig, dass Sie die Themen der Versicherungen nicht isoliert betrachten, sondern im gesamten Zusammenhang mit der Praxis.<\/p>\n","protected":false},"excerpt":{"rendered":"<p>Praxis\u00fcbernahme, Schritt in die Selbstst\u00e4ndigkeit Der Schritt, eine bestehende Arztpraxis zu \u00fcbernehmen, muss gut geplant werden. Es empfiehlt sich, einen Business-Plan zu erstellen und die Investitionen professionell zu planen. Berater der Standesorganisationen oder Treuh\u00e4nder unterst\u00fctzen Sie dabei gern. Am Anfang stehen f\u00fcr den angehenden Unternehmer folgende Finanzierungsthemen im Vordergrund: Finanzierung der \u00dcbernahme des Inventars der &hellip; <a href=\"https:\/\/www.va-genossenschaft.ch\/de\/service\/vorsorge-hinweise\/praxisuebernahme\/\" class=\"more-link\"><span class=\"screen-reader-text\">Praxis\u00fcbernahme<\/span> weiterlesen <span class=\"meta-nav\">&rarr;<\/span><\/a><\/p>\n","protected":false},"author":1,"featured_media":0,"parent":64,"menu_order":0,"comment_status":"open","ping_status":"open","template":"","meta":{"footnotes":""},"class_list":["post-184","page","type-page","status-publish","hentry"],"_links":{"self":[{"href":"https:\/\/www.va-genossenschaft.ch\/de\/wp-json\/wp\/v2\/pages\/184","targetHints":{"allow":["GET"]}}],"collection":[{"href":"https:\/\/www.va-genossenschaft.ch\/de\/wp-json\/wp\/v2\/pages"}],"about":[{"href":"https:\/\/www.va-genossenschaft.ch\/de\/wp-json\/wp\/v2\/types\/page"}],"author":[{"embeddable":true,"href":"https:\/\/www.va-genossenschaft.ch\/de\/wp-json\/wp\/v2\/users\/1"}],"replies":[{"embeddable":true,"href":"https:\/\/www.va-genossenschaft.ch\/de\/wp-json\/wp\/v2\/comments?post=184"}],"version-history":[{"count":7,"href":"https:\/\/www.va-genossenschaft.ch\/de\/wp-json\/wp\/v2\/pages\/184\/revisions"}],"predecessor-version":[{"id":192,"href":"https:\/\/www.va-genossenschaft.ch\/de\/wp-json\/wp\/v2\/pages\/184\/revisions\/192"}],"up":[{"embeddable":true,"href":"https:\/\/www.va-genossenschaft.ch\/de\/wp-json\/wp\/v2\/pages\/64"}],"wp:attachment":[{"href":"https:\/\/www.va-genossenschaft.ch\/de\/wp-json\/wp\/v2\/media?parent=184"}],"curies":[{"name":"wp","href":"https:\/\/api.w.org\/{rel}","templated":true}]}}