{"id":193,"date":"2015-03-17T11:40:37","date_gmt":"2015-03-17T10:40:37","guid":{"rendered":"https:\/\/www.va-genossenschaft.ch\/?page_id=193"},"modified":"2015-03-17T11:42:50","modified_gmt":"2015-03-17T10:42:50","slug":"absicherung-investitionen","status":"publish","type":"page","link":"https:\/\/www.va-genossenschaft.ch\/de\/service\/vorsorge-hinweise\/absicherung-investitionen\/","title":{"rendered":"Absicherung Investitionen"},"content":{"rendered":"<p><strong>Absicherung von Investitionen<\/strong><br \/>\nSie als selbst\u00e4ndiger Arzt oder Teilhaber einer Arztpraxis f\u00fchren eine kleine Unternehmung. Sie m\u00fcssen sich regelm\u00e4ssig mit dem Thema \u201eInvestition und deren Finanzierung\u201c auseinandersetzen.<\/p>\n<p>Bei jeder Investition steigt gleichzeitig der Bedarf an einer zus\u00e4tzlichen Abdeckung bei Tod \/ Erwerbsunf\u00e4higkeit.<\/p>\n<p>Todesfallversicherungen helfen Ihnen, diese Investitions-Risiken zeitlich und betragsm\u00e4ssig bedarfsgerecht und kosteng\u00fcnstig abzusichern.<\/p>\n<p><strong>Anschaffung neuer Ger\u00e4te f\u00fcr weitere Spezialisierung<\/strong><br \/>\nWerden Ger\u00e4te neu angeschafft oder ersetzt, stellt sich die Frage der Finanzierung.<\/p>\n<p>Ger\u00e4te k\u00f6nnen \u00fcber ein Leasing (Nutzungs\u00fcbernahme) oder einen Kredit finanziert werden. In beiden F\u00e4llen fallen Kapital- und Amortisationskosten an, die auch abgesichert werden sollten.<\/p>\n<p><strong>Renovation \/ Sanierung der Arztpraxis<\/strong><br \/>\nDie Praxis ist das Aush\u00e4ngeschild des Betriebes und bedarf der regelm\u00e4ssigen Pflege und Sanierung. Renovationen\/Sanierungen sollten sowohl in Bezug auf die Kapital\/Amortisationskosten wie auch auf die steuerlichen Auswirkungen optimiert werden.<\/p>\n<p><strong>Zusammenschluss in eine Gemeinschaftspraxis an einem neuen Standort<\/strong><br \/>\nVielleicht kommt der Zeitpunkt, wo Sie sich \u00fcberlegen, ob der aktuelle Standort noch zweckm\u00e4ssig ist, oder ob sogar ein Anschluss an eine Gemeinschaftspraxis nicht zus\u00e4tzliche Vorteile br\u00e4chte.<\/p>\n<p>Ausschlaggebend f\u00fcr einen Standortwechsel sind:<\/p>\n<ul>\n<li>Platz und Raumbedarf<\/li>\n<li>Erwerb von Eigentum<\/li>\n<li>Bessere Erschliessung neuer Patienten<\/li>\n<li>Synergien der Infrastrukturen<\/li>\n<li>Einkauf in Gemeinschaftspraxen<\/li>\n<\/ul>\n<p>Bei Verlegung des Standortes kann meist nur ein kleiner Teil des Inventars mitgenommen werden. Um der Praxis ein neues Gesicht zu geben, wird weiter in Umbauten, Mobiliar und Ger\u00e4te investiert. Auch ein m\u00f6glicher R\u00fcckbau der bisherigen Arztpraxis kann einen Investitionsbedarf ausl\u00f6sen.<\/p>\n","protected":false},"excerpt":{"rendered":"<p>Absicherung von Investitionen Sie als selbst\u00e4ndiger Arzt oder Teilhaber einer Arztpraxis f\u00fchren eine kleine Unternehmung. Sie m\u00fcssen sich regelm\u00e4ssig mit dem Thema \u201eInvestition und deren Finanzierung\u201c auseinandersetzen. Bei jeder Investition steigt gleichzeitig der Bedarf an einer zus\u00e4tzlichen Abdeckung bei Tod \/ Erwerbsunf\u00e4higkeit. Todesfallversicherungen helfen Ihnen, diese Investitions-Risiken zeitlich und betragsm\u00e4ssig bedarfsgerecht und kosteng\u00fcnstig abzusichern. Anschaffung &hellip; <a href=\"https:\/\/www.va-genossenschaft.ch\/de\/service\/vorsorge-hinweise\/absicherung-investitionen\/\" class=\"more-link\"><span class=\"screen-reader-text\">Absicherung Investitionen<\/span> weiterlesen <span class=\"meta-nav\">&rarr;<\/span><\/a><\/p>\n","protected":false},"author":1,"featured_media":0,"parent":64,"menu_order":0,"comment_status":"open","ping_status":"open","template":"","meta":{"footnotes":""},"class_list":["post-193","page","type-page","status-publish","hentry"],"_links":{"self":[{"href":"https:\/\/www.va-genossenschaft.ch\/de\/wp-json\/wp\/v2\/pages\/193","targetHints":{"allow":["GET"]}}],"collection":[{"href":"https:\/\/www.va-genossenschaft.ch\/de\/wp-json\/wp\/v2\/pages"}],"about":[{"href":"https:\/\/www.va-genossenschaft.ch\/de\/wp-json\/wp\/v2\/types\/page"}],"author":[{"embeddable":true,"href":"https:\/\/www.va-genossenschaft.ch\/de\/wp-json\/wp\/v2\/users\/1"}],"replies":[{"embeddable":true,"href":"https:\/\/www.va-genossenschaft.ch\/de\/wp-json\/wp\/v2\/comments?post=193"}],"version-history":[{"count":3,"href":"https:\/\/www.va-genossenschaft.ch\/de\/wp-json\/wp\/v2\/pages\/193\/revisions"}],"predecessor-version":[{"id":197,"href":"https:\/\/www.va-genossenschaft.ch\/de\/wp-json\/wp\/v2\/pages\/193\/revisions\/197"}],"up":[{"embeddable":true,"href":"https:\/\/www.va-genossenschaft.ch\/de\/wp-json\/wp\/v2\/pages\/64"}],"wp:attachment":[{"href":"https:\/\/www.va-genossenschaft.ch\/de\/wp-json\/wp\/v2\/media?parent=193"}],"curies":[{"name":"wp","href":"https:\/\/api.w.org\/{rel}","templated":true}]}}