{"id":198,"date":"2015-03-17T11:44:57","date_gmt":"2015-03-17T10:44:57","guid":{"rendered":"https:\/\/www.va-genossenschaft.ch\/?page_id=198"},"modified":"2021-01-07T11:28:42","modified_gmt":"2021-01-07T10:28:42","slug":"bvg-fuer-selbstaendige-aerzte","status":"publish","type":"page","link":"https:\/\/www.va-genossenschaft.ch\/de\/service\/vorsorge-hinweise\/bvg-fuer-selbstaendige-aerzte\/","title":{"rendered":"BVG f\u00fcr selbst\u00e4ndige \u00c4rzte"},"content":{"rendered":"<p><strong>BVG f\u00fcr selbst\u00e4ndig Erwerbende \u00c4rzte<\/strong><br \/>\nSelbst\u00e4ndigerwerbende sind innerhalb des gesetzlichen Rahmens frei, wie sie ihre Vorsorge gestalten wollen. Die Sicherung der Altersvorsorge nach der Aufbauphase mit den M\u00f6glichkeiten des BVG, als Erg\u00e4nzung zur 1. S\u00e4ule, ist eine interessante und pr\u00fcfenswerte Variante.<\/p>\n<p>Welche Punkte gilt es zu beachten, wenn man den Anschluss einer 2. S\u00e4ule als selbst\u00e4ndig Erwerbender Arzt pr\u00fcfen will:<\/p>\n<p><strong>Abzugsberechtigte, ordentliche Aufwendungen in der beruflichen Vorsorge<\/strong><br \/>\n50 % der j\u00e4hrlichen Beitr\u00e4ge an die 2. S\u00e4ule (Anteil des Arbeitgebers), k\u00f6nnen als gesch\u00e4ftsm\u00e4ssig begr\u00fcndeter Aufwand der Erfolgsrechnung belastet werden. Dadurch sinkt der ausgewiesene steuerbare Unternehmensgewinn. Diese \u201eArbeitgeber-Beitr\u00e4ge\u201c werden von der AHV als Aufwand akzeptiert.<\/p>\n<p>Die andere H\u00e4lfte der laufenden Beitr\u00e4ge (gedanklich ist dies der Arbeitnehmeranteil) muss privat bezahlt und auf dem Privatkonto verbucht werden. Dieser Betrag kann in der privaten Steuererkl\u00e4rung vom steuerbaren Einkommen abgezogen werden.<\/p>\n<p><strong>Eink\u00e4ufe in die berufliche Vorsorge<\/strong><br \/>\nIn der beruflichen Vorsorge ist vorgesehen, dass zur Leistungsverbesserung fehlende Beitragsjahre eingekauft werden k\u00f6nnen. Diese Eink\u00e4ufe dienen insbesondere der Verst\u00e4rkung der Altersleistungen.<\/p>\n<p>Wie bei den Angestellten k\u00f6nnen diese Eink\u00e4ufe dem privaten steuerbaren Einkommen in Abzug gebracht werden. Der selbst\u00e4ndig Erwerbende hat so die M\u00f6glichkeit, in der Steuerplanung das Einkommen entsprechend zu gl\u00e4tten.<\/p>\n<p>Im Gegensatz zu den unselbst\u00e4ndig Erwerbenden, k\u00f6nnen die selbst\u00e4ndig Erwerbenden die Eink\u00e4ufe fehlender Beitragsjahre zur H\u00e4lfte als Aufwand vom AHV-pflichtigen Einkommen in Abzug bringen.<\/p>\n<p>Es ist wichtig, die Eink\u00e4ufe aus dem Privatkonto (und nicht dem Gesch\u00e4ftskonto) zu finanzieren.<\/p>\n<p>Die Berechnung der AHV-Beitr\u00e4ge basiert auf der Veranlagungsverf\u00fcgung der direkten Bundessteuer.<\/p>\n<p>Deshalb sollten Sie nach erfolgten Eink\u00e4ufen die AHV-Beitragsberechnungen genau kontrollieren, um gegebenenfalls rechtzeitig reagieren zu k\u00f6nnen.<\/p>\n<p><strong>Welche Vorsorgestiftungen der Standesorganisationen stehen dem selbst\u00e4ndig Erwerbenden Arzt zur Verf\u00fcgung?<\/strong><\/p>\n<ul>\n<li>Personalvorsorgestiftung der \u00c4rzte und Tier\u00e4rzte <a href=\"http:\/\/www.pat-bvg.ch\/contento\/?language=de-CH\" target=\"_blank\" rel=\"noopener noreferrer\">PAT-BVG<\/a><\/li>\n<li>Vorsorgestiftung <a href=\"http:\/\/www.medpension.ch\" target=\"_blank\" rel=\"noopener noreferrer\">Medpension vsao asmac<\/a><\/li>\n<li><a href=\"http:\/\/www.sso-stiftungen.ch\/\" target=\"_blank\" rel=\"noopener noreferrer\">SSO-Stiftungen<\/a> f\u00fcr Zahn\u00e4rzte<\/li>\n<\/ul>\n<p>Auflistung nicht abschliessend.<\/p>\n","protected":false},"excerpt":{"rendered":"<p>BVG f\u00fcr selbst\u00e4ndig Erwerbende \u00c4rzte Selbst\u00e4ndigerwerbende sind innerhalb des gesetzlichen Rahmens frei, wie sie ihre Vorsorge gestalten wollen. Die Sicherung der Altersvorsorge nach der Aufbauphase mit den M\u00f6glichkeiten des BVG, als Erg\u00e4nzung zur 1. S\u00e4ule, ist eine interessante und pr\u00fcfenswerte Variante. Welche Punkte gilt es zu beachten, wenn man den Anschluss einer 2. S\u00e4ule als &hellip; <a href=\"https:\/\/www.va-genossenschaft.ch\/de\/service\/vorsorge-hinweise\/bvg-fuer-selbstaendige-aerzte\/\" class=\"more-link\"><span class=\"screen-reader-text\">BVG f\u00fcr selbst\u00e4ndige \u00c4rzte<\/span> weiterlesen <span class=\"meta-nav\">&rarr;<\/span><\/a><\/p>\n","protected":false},"author":1,"featured_media":0,"parent":64,"menu_order":0,"comment_status":"open","ping_status":"open","template":"","meta":{"footnotes":""},"class_list":["post-198","page","type-page","status-publish","hentry"],"_links":{"self":[{"href":"https:\/\/www.va-genossenschaft.ch\/de\/wp-json\/wp\/v2\/pages\/198","targetHints":{"allow":["GET"]}}],"collection":[{"href":"https:\/\/www.va-genossenschaft.ch\/de\/wp-json\/wp\/v2\/pages"}],"about":[{"href":"https:\/\/www.va-genossenschaft.ch\/de\/wp-json\/wp\/v2\/types\/page"}],"author":[{"embeddable":true,"href":"https:\/\/www.va-genossenschaft.ch\/de\/wp-json\/wp\/v2\/users\/1"}],"replies":[{"embeddable":true,"href":"https:\/\/www.va-genossenschaft.ch\/de\/wp-json\/wp\/v2\/comments?post=198"}],"version-history":[{"count":10,"href":"https:\/\/www.va-genossenschaft.ch\/de\/wp-json\/wp\/v2\/pages\/198\/revisions"}],"predecessor-version":[{"id":1736,"href":"https:\/\/www.va-genossenschaft.ch\/de\/wp-json\/wp\/v2\/pages\/198\/revisions\/1736"}],"up":[{"embeddable":true,"href":"https:\/\/www.va-genossenschaft.ch\/de\/wp-json\/wp\/v2\/pages\/64"}],"wp:attachment":[{"href":"https:\/\/www.va-genossenschaft.ch\/de\/wp-json\/wp\/v2\/media?parent=198"}],"curies":[{"name":"wp","href":"https:\/\/api.w.org\/{rel}","templated":true}]}}