{"id":64,"date":"2015-03-07T17:08:20","date_gmt":"2015-03-07T16:08:20","guid":{"rendered":"https:\/\/www.va-genossenschaft.ch\/?page_id=64"},"modified":"2015-03-17T10:40:44","modified_gmt":"2015-03-17T09:40:44","slug":"vorsorge-hinweise","status":"publish","type":"page","link":"https:\/\/www.va-genossenschaft.ch\/de\/service\/vorsorge-hinweise\/","title":{"rendered":"Vorsorge-Hinweise"},"content":{"rendered":"<h2>Vorsorge verstehen<\/h2>\n<p>Die wichtigsten Erl\u00e4uterungen und Hinweise zur Vorsorge. Kompakt, einfach und \u00fcbersichtlich f\u00fcr Sie zusammengestellt. Alle wichtigen Dokumente stehen als PDF zum Download zur Verf\u00fcgung.<\/p>\n","protected":false},"excerpt":{"rendered":"<p>Vorsorge verstehen Die wichtigsten Erl\u00e4uterungen und Hinweise zur Vorsorge. Kompakt, einfach und \u00fcbersichtlich f\u00fcr Sie zusammengestellt. Alle wichtigen Dokumente stehen als PDF zum Download zur Verf\u00fcgung.<\/p>\n","protected":false},"author":1,"featured_media":0,"parent":60,"menu_order":0,"comment_status":"open","ping_status":"open","template":"","meta":{"footnotes":""},"class_list":["post-64","page","type-page","status-publish","hentry"],"_links":{"self":[{"href":"https:\/\/www.va-genossenschaft.ch\/de\/wp-json\/wp\/v2\/pages\/64","targetHints":{"allow":["GET"]}}],"collection":[{"href":"https:\/\/www.va-genossenschaft.ch\/de\/wp-json\/wp\/v2\/pages"}],"about":[{"href":"https:\/\/www.va-genossenschaft.ch\/de\/wp-json\/wp\/v2\/types\/page"}],"author":[{"embeddable":true,"href":"https:\/\/www.va-genossenschaft.ch\/de\/wp-json\/wp\/v2\/users\/1"}],"replies":[{"embeddable":true,"href":"https:\/\/www.va-genossenschaft.ch\/de\/wp-json\/wp\/v2\/comments?post=64"}],"version-history":[{"count":6,"href":"https:\/\/www.va-genossenschaft.ch\/de\/wp-json\/wp\/v2\/pages\/64\/revisions"}],"predecessor-version":[{"id":808,"href":"https:\/\/www.va-genossenschaft.ch\/de\/wp-json\/wp\/v2\/pages\/64\/revisions\/808"}],"up":[{"embeddable":true,"href":"https:\/\/www.va-genossenschaft.ch\/de\/wp-json\/wp\/v2\/pages\/60"}],"wp:attachment":[{"href":"https:\/\/www.va-genossenschaft.ch\/de\/wp-json\/wp\/v2\/media?parent=64"}],"curies":[{"name":"wp","href":"https:\/\/api.w.org\/{rel}","templated":true}]}}