{"id":510,"date":"2015-03-17T14:19:13","date_gmt":"2015-03-17T13:19:13","guid":{"rendered":"https:\/\/www.va-genossenschaft.ch\/portrait\/geschaeftsberichte\/"},"modified":"2025-04-29T15:28:42","modified_gmt":"2025-04-29T13:28:42","slug":"rapports-de-gestion","status":"publish","type":"page","link":"https:\/\/www.va-genossenschaft.ch\/fr\/portrait\/rapports-de-gestion\/","title":{"rendered":"Rapports de gestion"},"content":{"rendered":"<p><strong>Rapport de gestion 2024 (y compris rapport sur la situation financi\u00e8re)<\/strong><\/p>\n<p>T\u00e9l\u00e9charger les rapports en format PDF:<\/p>\n","protected":false},"excerpt":{"rendered":"<p>Rapport de gestion 2024 (y compris rapport sur la situation financi\u00e8re) T\u00e9l\u00e9charger les rapports en format PDF:<\/p>\n","protected":false},"author":1,"featured_media":0,"parent":494,"menu_order":0,"comment_status":"open","ping_status":"open","template":"page-geschaftsbericht.php","meta":{"footnotes":""},"class_list":["post-510","page","type-page","status-publish","hentry"],"_links":{"self":[{"href":"https:\/\/www.va-genossenschaft.ch\/fr\/wp-json\/wp\/v2\/pages\/510","targetHints":{"allow":["GET"]}}],"collection":[{"href":"https:\/\/www.va-genossenschaft.ch\/fr\/wp-json\/wp\/v2\/pages"}],"about":[{"href":"https:\/\/www.va-genossenschaft.ch\/fr\/wp-json\/wp\/v2\/types\/page"}],"author":[{"embeddable":true,"href":"https:\/\/www.va-genossenschaft.ch\/fr\/wp-json\/wp\/v2\/users\/1"}],"replies":[{"embeddable":true,"href":"https:\/\/www.va-genossenschaft.ch\/fr\/wp-json\/wp\/v2\/comments?post=510"}],"version-history":[{"count":20,"href":"https:\/\/www.va-genossenschaft.ch\/fr\/wp-json\/wp\/v2\/pages\/510\/revisions"}],"predecessor-version":[{"id":2952,"href":"https:\/\/www.va-genossenschaft.ch\/fr\/wp-json\/wp\/v2\/pages\/510\/revisions\/2952"}],"up":[{"embeddable":true,"href":"https:\/\/www.va-genossenschaft.ch\/fr\/wp-json\/wp\/v2\/pages\/494"}],"wp:attachment":[{"href":"https:\/\/www.va-genossenschaft.ch\/fr\/wp-json\/wp\/v2\/media?parent=510"}],"curies":[{"name":"wp","href":"https:\/\/api.w.org\/{rel}","templated":true}]}}