{"id":541,"date":"2015-03-17T09:15:09","date_gmt":"2015-03-17T08:15:09","guid":{"rendered":"https:\/\/www.va-genossenschaft.ch\/portrait\/kontakt\/"},"modified":"2015-04-17T09:09:49","modified_gmt":"2015-04-17T07:09:49","slug":"contact","status":"publish","type":"page","link":"https:\/\/www.va-genossenschaft.ch\/fr\/portrait\/contact\/","title":{"rendered":"Contact"},"content":{"rendered":"<p>Attachez-vous de l\u2019importance \u00e0 un conseil neutre et personnalis\u00e9?<\/p>\n<p>L\u2019Assurance des M\u00e9decins Suisses r\u00e9pond aux besoins et souhaits particuliers du corps m\u00e9dical et propose une couverture d\u2019assurance optimale \u00e0 des conditions avantageuses. Du fait de sa structure en soci\u00e9t\u00e9 coop\u00e9rative, les b\u00e9n\u00e9fices r\u00e9alis\u00e9s sont revers\u00e9s aux soci\u00e9taires sous la forme d\u2019exc\u00e9dents.<\/p>\n<p>Nous sommes \u00e0 votre enti\u00e8re disposition et nous ferons un plaisir de vous \u00e9tablir une offre personnalis\u00e9e.<\/p>\n","protected":false},"excerpt":{"rendered":"<p>Attachez-vous de l\u2019importance \u00e0 un conseil neutre et personnalis\u00e9? L\u2019Assurance des M\u00e9decins Suisses r\u00e9pond aux besoins et souhaits particuliers du corps m\u00e9dical et propose une couverture d\u2019assurance optimale \u00e0 des conditions avantageuses. Du fait de sa structure en soci\u00e9t\u00e9 coop\u00e9rative, les b\u00e9n\u00e9fices r\u00e9alis\u00e9s sont revers\u00e9s aux soci\u00e9taires sous la forme d\u2019exc\u00e9dents. Nous sommes \u00e0 votre &hellip; <a href=\"https:\/\/www.va-genossenschaft.ch\/fr\/portrait\/contact\/\" class=\"more-link\">Continuer la lecture de <span class=\"screen-reader-text\">Contact<\/span>  <span class=\"meta-nav\">&rarr;<\/span><\/a><\/p>\n","protected":false},"author":1,"featured_media":0,"parent":494,"menu_order":0,"comment_status":"open","ping_status":"open","template":"page-kontakt.php","meta":{"footnotes":""},"class_list":["post-541","page","type-page","status-publish","hentry"],"_links":{"self":[{"href":"https:\/\/www.va-genossenschaft.ch\/fr\/wp-json\/wp\/v2\/pages\/541","targetHints":{"allow":["GET"]}}],"collection":[{"href":"https:\/\/www.va-genossenschaft.ch\/fr\/wp-json\/wp\/v2\/pages"}],"about":[{"href":"https:\/\/www.va-genossenschaft.ch\/fr\/wp-json\/wp\/v2\/types\/page"}],"author":[{"embeddable":true,"href":"https:\/\/www.va-genossenschaft.ch\/fr\/wp-json\/wp\/v2\/users\/1"}],"replies":[{"embeddable":true,"href":"https:\/\/www.va-genossenschaft.ch\/fr\/wp-json\/wp\/v2\/comments?post=541"}],"version-history":[{"count":4,"href":"https:\/\/www.va-genossenschaft.ch\/fr\/wp-json\/wp\/v2\/pages\/541\/revisions"}],"predecessor-version":[{"id":546,"href":"https:\/\/www.va-genossenschaft.ch\/fr\/wp-json\/wp\/v2\/pages\/541\/revisions\/546"}],"up":[{"embeddable":true,"href":"https:\/\/www.va-genossenschaft.ch\/fr\/wp-json\/wp\/v2\/pages\/494"}],"wp:attachment":[{"href":"https:\/\/www.va-genossenschaft.ch\/fr\/wp-json\/wp\/v2\/media?parent=541"}],"curies":[{"name":"wp","href":"https:\/\/api.w.org\/{rel}","templated":true}]}}