{"id":596,"date":"2015-04-17T09:35:49","date_gmt":"2015-04-17T07:35:49","guid":{"rendered":"https:\/\/www.va-genossenschaft.ch\/?page_id=596"},"modified":"2015-04-17T09:36:12","modified_gmt":"2015-04-17T07:36:12","slug":"changement-adresse","status":"publish","type":"page","link":"https:\/\/www.va-genossenschaft.ch\/fr\/service\/changement-adresse\/","title":{"rendered":"Changement d\u2019adresse"},"content":{"rendered":"<p>Avez-vous d\u00e9m\u00e9nag\u00e9 ? Veuillez nous indiquer votre adresse actuelle, afin que nous puissions vous atteindre \u00e9galement \u00e0 votre nouveau domicile.<\/p>\n","protected":false},"excerpt":{"rendered":"<p>Avez-vous d\u00e9m\u00e9nag\u00e9 ? Veuillez nous indiquer votre adresse actuelle, afin que nous puissions vous atteindre \u00e9galement \u00e0 votre nouveau domicile.<\/p>\n","protected":false},"author":1,"featured_media":0,"parent":460,"menu_order":0,"comment_status":"open","ping_status":"open","template":"page-formular.php","meta":{"footnotes":""},"class_list":["post-596","page","type-page","status-publish","hentry"],"_links":{"self":[{"href":"https:\/\/www.va-genossenschaft.ch\/fr\/wp-json\/wp\/v2\/pages\/596","targetHints":{"allow":["GET"]}}],"collection":[{"href":"https:\/\/www.va-genossenschaft.ch\/fr\/wp-json\/wp\/v2\/pages"}],"about":[{"href":"https:\/\/www.va-genossenschaft.ch\/fr\/wp-json\/wp\/v2\/types\/page"}],"author":[{"embeddable":true,"href":"https:\/\/www.va-genossenschaft.ch\/fr\/wp-json\/wp\/v2\/users\/1"}],"replies":[{"embeddable":true,"href":"https:\/\/www.va-genossenschaft.ch\/fr\/wp-json\/wp\/v2\/comments?post=596"}],"version-history":[{"count":1,"href":"https:\/\/www.va-genossenschaft.ch\/fr\/wp-json\/wp\/v2\/pages\/596\/revisions"}],"predecessor-version":[{"id":597,"href":"https:\/\/www.va-genossenschaft.ch\/fr\/wp-json\/wp\/v2\/pages\/596\/revisions\/597"}],"up":[{"embeddable":true,"href":"https:\/\/www.va-genossenschaft.ch\/fr\/wp-json\/wp\/v2\/pages\/460"}],"wp:attachment":[{"href":"https:\/\/www.va-genossenschaft.ch\/fr\/wp-json\/wp\/v2\/media?parent=596"}],"curies":[{"name":"wp","href":"https:\/\/api.w.org\/{rel}","templated":true}]}}