{"id":615,"date":"2015-03-17T11:40:37","date_gmt":"2015-03-17T10:40:37","guid":{"rendered":"https:\/\/www.va-genossenschaft.ch\/service\/remarques-sur-la-prevoyance\/absicherung-investitionen\/"},"modified":"2015-04-17T10:47:56","modified_gmt":"2015-04-17T08:47:56","slug":"securisation-des-investissements","status":"publish","type":"page","link":"https:\/\/www.va-genossenschaft.ch\/fr\/service\/remarques-sur-la-prevoyance\/securisation-des-investissements\/","title":{"rendered":"S\u00e9curisation des investissements"},"content":{"rendered":"<p><strong>S\u00e9curisation des investissements<br \/>\n<\/strong>En tant que m\u00e9decin ind\u00e9pendant ou copropri\u00e9taire d\u2019un cabinet m\u00e9dical, vous dirigez une petite entreprise. Vous devez r\u00e9guli\u00e8rement vous pencher sur la question de \u00ab l\u2019investissement et son financement \u00bb.<\/p>\n<p>A chaque investissement, le besoin relatif d\u2019une couverture suppl\u00e9mentaire en cas de d\u00e9c\u00e8s \/ d\u2019incapacit\u00e9 de gain augmente.<\/p>\n<p>Les assurances en cas de d\u00e9c\u00e8s vous aident \u00e0 s\u00e9curiser dans le temps et quant au montant ces risques d\u2019investissement, selon vos besoins et \u00e0 un prix avantageux.<\/p>\n<p><strong>Acquisition de nouveaux appareils pour une sp\u00e9cialisation plus pouss\u00e9e<br \/>\n<\/strong>Lorsque de nouveaux appareils sont acquis ou remplac\u00e9s, la question du financement se pose.<\/p>\n<p>Les appareils peuvent \u00eatre financ\u00e9s au travers d\u2019un leasing (contrat d\u2019utilisation) ou d\u2019un cr\u00e9dit. Dans les deux cas, des frais de capitaux et d\u2019amortissement seront dus et il conviendra de les s\u00e9curiser dans la mesure requise.<\/p>\n<p><strong>R\u00e9novation \/ assainissement du cabinet<\/strong><br \/>\nLe cabinet est la carte de visite de l\u2019entreprise. Il sera donc n\u00e9cessaire d\u2019effectuer r\u00e9guli\u00e8rement un entretien et un assainissement. Les r\u00e9novations \/ assainissements doivent \u00eatre optimis\u00e9s aussi bien sur le plan des frais de capitaux \/ d\u2019amortissement que du point de vue des retomb\u00e9es fiscales.<\/p>\n<p><strong>Regroupement au sein d\u2019un cabinet collectif dans de nouveaux locaux<br \/>\n<\/strong>Il se peut que vous vous demandiez si votre emplacement actuel r\u00e9pond encore \u00e0 vos attentes ou si un regroupement en cabinet collectif pourrait vous apporter des avantages suppl\u00e9mentaires.<\/p>\n<p>Sont d\u00e9terminants pour un changement de site :<\/p>\n<ul>\n<li>le besoin d\u2019espace et de place<\/li>\n<li>l\u2019achat d\u2019une propri\u00e9t\u00e9<\/li>\n<li>un meilleur acc\u00e8s \u00e0 de nouveaux patients<\/li>\n<li>les synergies des infrastructures<\/li>\n<li>l\u2019acquisition de parts dans un cabinet collectif<\/li>\n<\/ul>\n<p>En cas de changement de site, il arrive souvent que seule une petite partie de l\u2019inventaire puisse \u00eatre reprise. Pour conf\u00e9rer au cabinet une nouvelle \u00e2me, il sera n\u00e9cessaire d\u2019investir dans des transformations, du mobilier et des appareils. M\u00eame un \u00e9ventuel redimensionnement du cabinet actuel peut engendrer un besoin d\u2019investissement suppl\u00e9mentaire.<\/p>\n","protected":false},"excerpt":{"rendered":"<p>S\u00e9curisation des investissements En tant que m\u00e9decin ind\u00e9pendant ou copropri\u00e9taire d\u2019un cabinet m\u00e9dical, vous dirigez une petite entreprise. Vous devez r\u00e9guli\u00e8rement vous pencher sur la question de \u00ab l\u2019investissement et son financement \u00bb. A chaque investissement, le besoin relatif d\u2019une couverture suppl\u00e9mentaire en cas de d\u00e9c\u00e8s \/ d\u2019incapacit\u00e9 de gain augmente. Les assurances en cas &hellip; <a href=\"https:\/\/www.va-genossenschaft.ch\/fr\/service\/remarques-sur-la-prevoyance\/securisation-des-investissements\/\" class=\"more-link\">Continuer la lecture de <span class=\"screen-reader-text\">S\u00e9curisation des investissements<\/span>  <span class=\"meta-nav\">&rarr;<\/span><\/a><\/p>\n","protected":false},"author":1,"featured_media":0,"parent":591,"menu_order":0,"comment_status":"open","ping_status":"open","template":"","meta":{"footnotes":""},"class_list":["post-615","page","type-page","status-publish","hentry"],"_links":{"self":[{"href":"https:\/\/www.va-genossenschaft.ch\/fr\/wp-json\/wp\/v2\/pages\/615","targetHints":{"allow":["GET"]}}],"collection":[{"href":"https:\/\/www.va-genossenschaft.ch\/fr\/wp-json\/wp\/v2\/pages"}],"about":[{"href":"https:\/\/www.va-genossenschaft.ch\/fr\/wp-json\/wp\/v2\/types\/page"}],"author":[{"embeddable":true,"href":"https:\/\/www.va-genossenschaft.ch\/fr\/wp-json\/wp\/v2\/users\/1"}],"replies":[{"embeddable":true,"href":"https:\/\/www.va-genossenschaft.ch\/fr\/wp-json\/wp\/v2\/comments?post=615"}],"version-history":[{"count":5,"href":"https:\/\/www.va-genossenschaft.ch\/fr\/wp-json\/wp\/v2\/pages\/615\/revisions"}],"predecessor-version":[{"id":622,"href":"https:\/\/www.va-genossenschaft.ch\/fr\/wp-json\/wp\/v2\/pages\/615\/revisions\/622"}],"up":[{"embeddable":true,"href":"https:\/\/www.va-genossenschaft.ch\/fr\/wp-json\/wp\/v2\/pages\/591"}],"wp:attachment":[{"href":"https:\/\/www.va-genossenschaft.ch\/fr\/wp-json\/wp\/v2\/media?parent=615"}],"curies":[{"name":"wp","href":"https:\/\/api.w.org\/{rel}","templated":true}]}}