{"id":632,"date":"2015-03-17T11:32:16","date_gmt":"2015-03-17T10:32:16","guid":{"rendered":"https:\/\/www.va-genossenschaft.ch\/service\/remarques-sur-la-prevoyance\/assistenzarztzeit\/"},"modified":"2015-04-17T11:00:25","modified_gmt":"2015-04-17T09:00:25","slug":"activite-en-tant-que-medecin-assistant","status":"publish","type":"page","link":"https:\/\/www.va-genossenschaft.ch\/fr\/service\/remarques-sur-la-prevoyance\/activite-en-tant-que-medecin-assistant\/","title":{"rendered":"M\u00e9decin assistant"},"content":{"rendered":"<p><strong>Activit\u00e9 en tant que m\u00e9decin assistant<br \/>\n<\/strong>Vous \u00eates obligatoirement assur\u00e9 par votre employeur dans les 1er et 2e piliers.<\/p>\n<p>Lors de tout changement de poste, nous vous recommandons de contr\u00f4ler votre nouvelle couverture d\u2019assurance et, le cas \u00e9ch\u00e9ant, de demander conseil \u00e0 un sp\u00e9cialiste.<\/p>\n<p>Pendant les p\u00e9riodes de formation et de perfectionnement professionnel, il est important de songer d\u00e9j\u00e0 \u00e0 votre pr\u00e9voyance individuelle et de commencer t\u00f4t le processus d\u2019\u00e9pargne. En optant pour des produits flexibles ad\u00e9quats, vous pourrez vous assurer votre ind\u00e9pendance financi\u00e8re \u00e0 long terme.<\/p>\n<p>La garantie du revenu lucratif en cas de maladie ou d\u2019accident devrait \u00e9galement \u00eatre garantie pendant l\u2019activit\u00e9 de m\u00e9decin assistant. La perte de salaire de courte dur\u00e9e est en r\u00e8gle g\u00e9n\u00e9rale couverte par l\u2019employeur pendant cette p\u00e9riode. Les pertes de revenu durant plus de deux ans (invalidit\u00e9) doivent \u00eatre couvertes par la conclusion d\u2019une rente d\u2019incapacit\u00e9 de gain. Cela permet de maintenir le niveau de vie habituel.<\/p>\n","protected":false},"excerpt":{"rendered":"<p>Activit\u00e9 en tant que m\u00e9decin assistant Vous \u00eates obligatoirement assur\u00e9 par votre employeur dans les 1er et 2e piliers. Lors de tout changement de poste, nous vous recommandons de contr\u00f4ler votre nouvelle couverture d\u2019assurance et, le cas \u00e9ch\u00e9ant, de demander conseil \u00e0 un sp\u00e9cialiste. Pendant les p\u00e9riodes de formation et de perfectionnement professionnel, il est &hellip; <a href=\"https:\/\/www.va-genossenschaft.ch\/fr\/service\/remarques-sur-la-prevoyance\/activite-en-tant-que-medecin-assistant\/\" class=\"more-link\">Continuer la lecture de <span class=\"screen-reader-text\">M\u00e9decin assistant<\/span>  <span class=\"meta-nav\">&rarr;<\/span><\/a><\/p>\n","protected":false},"author":1,"featured_media":0,"parent":591,"menu_order":0,"comment_status":"open","ping_status":"open","template":"","meta":{"footnotes":""},"class_list":["post-632","page","type-page","status-publish","hentry"],"_links":{"self":[{"href":"https:\/\/www.va-genossenschaft.ch\/fr\/wp-json\/wp\/v2\/pages\/632","targetHints":{"allow":["GET"]}}],"collection":[{"href":"https:\/\/www.va-genossenschaft.ch\/fr\/wp-json\/wp\/v2\/pages"}],"about":[{"href":"https:\/\/www.va-genossenschaft.ch\/fr\/wp-json\/wp\/v2\/types\/page"}],"author":[{"embeddable":true,"href":"https:\/\/www.va-genossenschaft.ch\/fr\/wp-json\/wp\/v2\/users\/1"}],"replies":[{"embeddable":true,"href":"https:\/\/www.va-genossenschaft.ch\/fr\/wp-json\/wp\/v2\/comments?post=632"}],"version-history":[{"count":3,"href":"https:\/\/www.va-genossenschaft.ch\/fr\/wp-json\/wp\/v2\/pages\/632\/revisions"}],"predecessor-version":[{"id":635,"href":"https:\/\/www.va-genossenschaft.ch\/fr\/wp-json\/wp\/v2\/pages\/632\/revisions\/635"}],"up":[{"embeddable":true,"href":"https:\/\/www.va-genossenschaft.ch\/fr\/wp-json\/wp\/v2\/pages\/591"}],"wp:attachment":[{"href":"https:\/\/www.va-genossenschaft.ch\/fr\/wp-json\/wp\/v2\/media?parent=632"}],"curies":[{"name":"wp","href":"https:\/\/api.w.org\/{rel}","templated":true}]}}