{"id":647,"date":"2015-03-17T11:18:48","date_gmt":"2015-03-17T10:18:48","guid":{"rendered":"https:\/\/www.va-genossenschaft.ch\/service\/remarques-sur-la-prevoyance\/vorsorgelandschaft-2\/"},"modified":"2018-10-02T15:47:35","modified_gmt":"2018-10-02T13:47:35","slug":"la-prevoyance-en-suisse","status":"publish","type":"page","link":"https:\/\/www.va-genossenschaft.ch\/fr\/service\/remarques-sur-la-prevoyance\/la-prevoyance-en-suisse\/","title":{"rendered":"La pr\u00e9voyance en Suisse"},"content":{"rendered":"<p><strong>La pr\u00e9voyance en Suisse<br \/>\n<\/strong>Depuis la votation populaire de 1972, le concept des trois piliers est ancr\u00e9 dans la Constitution f\u00e9d\u00e9rale en tant que base du syst\u00e8me de pr\u00e9voyance suisse. Il a pour but de pr\u00e9server la population des risques li\u00e9s \u00e0 l\u2019invalidit\u00e9, au d\u00e9c\u00e8s et \u00e0 la vieillesse.<\/p>\n<p>Les trois piliers couvrent les objectifs suivants:<\/p>\n<p><a href=\"https:\/\/www.va-genossenschaft.ch\/wp-content\/uploads\/2015\/03\/VA_Grafik_VorsorgelandschaftSchweiz_f.png\"><img fetchpriority=\"high\" decoding=\"async\" width=\"1200\" height=\"812\" class=\"alignnone wp-image-651 size-full\" src=\"https:\/\/www.va-genossenschaft.ch\/wp-content\/uploads\/2015\/03\/VA_Grafik_VorsorgelandschaftSchweiz_f.png\" alt=\"\" srcset=\"https:\/\/www.va-genossenschaft.ch\/wp-content\/uploads\/2015\/03\/VA_Grafik_VorsorgelandschaftSchweiz_f.png 1200w, https:\/\/www.va-genossenschaft.ch\/wp-content\/uploads\/2015\/03\/VA_Grafik_VorsorgelandschaftSchweiz_f-300x203.png 300w, https:\/\/www.va-genossenschaft.ch\/wp-content\/uploads\/2015\/03\/VA_Grafik_VorsorgelandschaftSchweiz_f-1024x693.png 1024w, https:\/\/www.va-genossenschaft.ch\/wp-content\/uploads\/2015\/03\/VA_Grafik_VorsorgelandschaftSchweiz_f-31x21.png 31w\" sizes=\"(max-width: 1200px) 100vw, 1200px\" \/><\/a><\/p>\n<p>Pour s\u00e9curiser la pr\u00e9voyance personnelle, il sera \u00e0 l\u2019avenir toujours plus important de promouvoir la pr\u00e9voyance individuelle dans les 2e et 3e piliers. C\u2019est surtout le 3e pilier qui rev\u00eat une importance croissante, parce que le montant des prestations de vieillesse d\u00e9coulant des 1er et 2e piliers ne peut \u00eatre garanti.<\/p>\n<p>Avec une planification cibl\u00e9e et des versements dans les 2e et 3e piliers, qui g\u00e9n\u00e8rent \u00e9galement des avantages fiscaux, la pr\u00e9voyance s\u2019adapte de fa\u00e7on optimale \u00e0 vos besoins.<\/p>\n<p>Pour examiner votre couverture d\u2019assurance et de pr\u00e9voyance individuelle, nous vous recommandons de faire \u00e9tablir une analyse de votre pr\u00e9voyance personnelle \u00e0 intervalles r\u00e9guliers, ou en cas de modifications en termes de besoin (d\u00e9but d\u2019une activit\u00e9 lucrative ind\u00e9pendante, mariage, agrandissement de la famille, achat d\u2019un logement en propri\u00e9t\u00e9, divorce).<\/p>\n<p>&nbsp;<\/p>\n","protected":false},"excerpt":{"rendered":"<p>La pr\u00e9voyance en Suisse Depuis la votation populaire de 1972, le concept des trois piliers est ancr\u00e9 dans la Constitution f\u00e9d\u00e9rale en tant que base du syst\u00e8me de pr\u00e9voyance suisse. Il a pour but de pr\u00e9server la population des risques li\u00e9s \u00e0 l\u2019invalidit\u00e9, au d\u00e9c\u00e8s et \u00e0 la vieillesse. Les trois piliers couvrent les objectifs &hellip; <a href=\"https:\/\/www.va-genossenschaft.ch\/fr\/service\/remarques-sur-la-prevoyance\/la-prevoyance-en-suisse\/\" class=\"more-link\">Continuer la lecture de <span class=\"screen-reader-text\">La pr\u00e9voyance en Suisse<\/span>  <span class=\"meta-nav\">&rarr;<\/span><\/a><\/p>\n","protected":false},"author":1,"featured_media":0,"parent":591,"menu_order":0,"comment_status":"open","ping_status":"open","template":"","meta":{"footnotes":""},"class_list":["post-647","page","type-page","status-publish","hentry"],"_links":{"self":[{"href":"https:\/\/www.va-genossenschaft.ch\/fr\/wp-json\/wp\/v2\/pages\/647","targetHints":{"allow":["GET"]}}],"collection":[{"href":"https:\/\/www.va-genossenschaft.ch\/fr\/wp-json\/wp\/v2\/pages"}],"about":[{"href":"https:\/\/www.va-genossenschaft.ch\/fr\/wp-json\/wp\/v2\/types\/page"}],"author":[{"embeddable":true,"href":"https:\/\/www.va-genossenschaft.ch\/fr\/wp-json\/wp\/v2\/users\/1"}],"replies":[{"embeddable":true,"href":"https:\/\/www.va-genossenschaft.ch\/fr\/wp-json\/wp\/v2\/comments?post=647"}],"version-history":[{"count":7,"href":"https:\/\/www.va-genossenschaft.ch\/fr\/wp-json\/wp\/v2\/pages\/647\/revisions"}],"predecessor-version":[{"id":1455,"href":"https:\/\/www.va-genossenschaft.ch\/fr\/wp-json\/wp\/v2\/pages\/647\/revisions\/1455"}],"up":[{"embeddable":true,"href":"https:\/\/www.va-genossenschaft.ch\/fr\/wp-json\/wp\/v2\/pages\/591"}],"wp:attachment":[{"href":"https:\/\/www.va-genossenschaft.ch\/fr\/wp-json\/wp\/v2\/media?parent=647"}],"curies":[{"name":"wp","href":"https:\/\/api.w.org\/{rel}","templated":true}]}}