{"id":667,"date":"2015-03-17T11:10:29","date_gmt":"2015-03-17T10:10:29","guid":{"rendered":"https:\/\/www.va-genossenschaft.ch\/service\/remarques-sur-la-prevoyance\/grenzbetraege-2014\/"},"modified":"2017-01-03T13:29:10","modified_gmt":"2017-01-03T12:29:10","slug":"montants-limites-du-pilier-3a-2017","status":"publish","type":"page","link":"https:\/\/www.va-genossenschaft.ch\/fr\/service\/remarques-sur-la-prevoyance\/montants-limites-du-pilier-3a-2017\/","title":{"rendered":"Montants-limites 2017"},"content":{"rendered":"<p><strong>3e pilier\u00a0&#8211; pr\u00e9voyance priv\u00e9e<br \/>\nMontants-limites du pilier 3a <\/strong><\/p>\n<table style=\"width: 95%;\">\n<tbody>\n<tr>\n<td style=\"width: 65%; vertical-align: top;\">Assur\u00e9 LPP<\/td>\n<td style=\"width: 35%; text-align: right; vertical-align: top;\">max. CHF 6&rsquo;768.00<\/td>\n<\/tr>\n<tr>\n<td style=\"width: 65%; vertical-align: top;\">non assur\u00e9 LPP<br \/>\n20 % du revenu lucratif max.<br \/>\n\u00ab la d\u00e9finition du revenu lucratif \u00bb se base sur <a href=\"http:\/\/www.admin.ch\/opc\/fr\/classified-compilation\/19900329\/index.html#a18\" target=\"_blank\">DBG Art. 18<\/a> et <a href=\"http:\/\/www.admin.ch\/opc\/fr\/classified-compilation\/19900329\/index.html#a58\" target=\"_blank\">DBG Art. 58ff<\/a><\/td>\n<td style=\"width: 35%; text-align: right; vertical-align: top;\">CHF 33&rsquo;840.00<\/td>\n<\/tr>\n<\/tbody>\n<\/table>\n<p><strong>2e pilier\u00a0&#8211; pr\u00e9voyance professionnelle<br \/>\nPr\u00e9voyance professionnelle (base : prestations minimales LPP)<\/strong><\/p>\n<table style=\"width: 95%;\">\n<tbody>\n<tr>\n<td style=\"width: 65%; vertical-align: top;\">Seuil d\u2019entr\u00e9e (salaire minimal)<\/td>\n<td style=\"width: 35%; text-align: right; vertical-align: top;\">CHF 21&rsquo;150.00<\/td>\n<\/tr>\n<tr>\n<td style=\"width: 65%; vertical-align: top;\">D\u00e9duction de coordination<\/td>\n<td style=\"width: 35%; text-align: right; vertical-align: top;\">CHF 24&rsquo;675.00<\/td>\n<\/tr>\n<tr>\n<td style=\"width: 65%; vertical-align: top;\">Taux d\u2019int\u00e9r\u00eat LPP minimal<\/td>\n<td style=\"width: 35%; text-align: right; vertical-align: top;\">1%<\/td>\n<\/tr>\n<\/tbody>\n<\/table>\n<p><strong>Assurance accidents obligatoire LAA (pour employ\u00e9s)<\/strong><\/p>\n<table style=\"width: 95%;\">\n<tbody>\n<tr>\n<td style=\"width: 65%; vertical-align: top;\">Salaire assur\u00e9 maximum<\/td>\n<td style=\"width: 35%; text-align: right; vertical-align: top;\">CHF 148&rsquo;200.00<\/td>\n<\/tr>\n<\/tbody>\n<\/table>\n<p><strong>1er pilier rentes AVS\u00a0&#8211; pr\u00e9voyance \u00e9tatique<br \/>\n<\/strong><\/p>\n<table style=\"width: 95%;\">\n<tbody>\n<tr>\n<td style=\"width: 65%; vertical-align: top;\">Rente simple minimale<\/td>\n<td style=\"width: 35%; text-align: right; vertical-align: top;\">CHF 14&rsquo;100.00<\/td>\n<\/tr>\n<tr>\n<td style=\"width: 65%; vertical-align: top;\">Rente simple maximale<\/td>\n<td style=\"width: 35%; text-align: right; vertical-align: top;\">CHF 28&rsquo;200.00<\/td>\n<\/tr>\n<tr>\n<td style=\"width: 65%; vertical-align: top;\">Rente de conjoint maximale plafonn\u00e9e<\/td>\n<td style=\"width: 35%; text-align: right; vertical-align: top;\">CHF 42&rsquo;300.00<\/td>\n<\/tr>\n<\/tbody>\n<\/table>\n<p>&nbsp;<\/p>\n","protected":false},"excerpt":{"rendered":"<p>3e pilier\u00a0&#8211; pr\u00e9voyance priv\u00e9e Montants-limites du pilier 3a Assur\u00e9 LPP max. CHF 6&rsquo;768.00 non assur\u00e9 LPP 20 % du revenu lucratif max. \u00ab la d\u00e9finition du revenu lucratif \u00bb se base sur DBG Art. 18 et DBG Art. 58ff CHF 33&rsquo;840.00 2e pilier\u00a0&#8211; pr\u00e9voyance professionnelle Pr\u00e9voyance professionnelle (base : prestations minimales LPP) Seuil d\u2019entr\u00e9e (salaire &hellip; <a href=\"https:\/\/www.va-genossenschaft.ch\/fr\/service\/remarques-sur-la-prevoyance\/montants-limites-du-pilier-3a-2017\/\" class=\"more-link\">Continuer la lecture de <span class=\"screen-reader-text\">Montants-limites 2017<\/span>  <span class=\"meta-nav\">&rarr;<\/span><\/a><\/p>\n","protected":false},"author":1,"featured_media":0,"parent":591,"menu_order":0,"comment_status":"open","ping_status":"closed","template":"","meta":{"footnotes":""},"class_list":["post-667","page","type-page","status-publish","hentry"],"_links":{"self":[{"href":"https:\/\/www.va-genossenschaft.ch\/fr\/wp-json\/wp\/v2\/pages\/667","targetHints":{"allow":["GET"]}}],"collection":[{"href":"https:\/\/www.va-genossenschaft.ch\/fr\/wp-json\/wp\/v2\/pages"}],"about":[{"href":"https:\/\/www.va-genossenschaft.ch\/fr\/wp-json\/wp\/v2\/types\/page"}],"author":[{"embeddable":true,"href":"https:\/\/www.va-genossenschaft.ch\/fr\/wp-json\/wp\/v2\/users\/1"}],"replies":[{"embeddable":true,"href":"https:\/\/www.va-genossenschaft.ch\/fr\/wp-json\/wp\/v2\/comments?post=667"}],"version-history":[{"count":7,"href":"https:\/\/www.va-genossenschaft.ch\/fr\/wp-json\/wp\/v2\/pages\/667\/revisions"}],"predecessor-version":[{"id":1173,"href":"https:\/\/www.va-genossenschaft.ch\/fr\/wp-json\/wp\/v2\/pages\/667\/revisions\/1173"}],"up":[{"embeddable":true,"href":"https:\/\/www.va-genossenschaft.ch\/fr\/wp-json\/wp\/v2\/pages\/591"}],"wp:attachment":[{"href":"https:\/\/www.va-genossenschaft.ch\/fr\/wp-json\/wp\/v2\/media?parent=667"}],"curies":[{"name":"wp","href":"https:\/\/api.w.org\/{rel}","templated":true}]}}